{"id":2855,"date":"2024-05-02T13:21:44","date_gmt":"2024-05-02T11:21:44","guid":{"rendered":"https:\/\/nookcosmetics.it\/prodotto\/the-smart-color\/"},"modified":"2025-10-03T15:47:41","modified_gmt":"2025-10-03T13:47:41","slug":"the-smart-color","status":"publish","type":"product","link":"https:\/\/nookcosmetics.it\/es\/producto\/the-smart-color\/","title":{"rendered":"THE SMART COLOR"},"content":{"rendered":"<p class=\"fw-bold uppercase fs-24 c-green line-bf\">\n<\/p><p class=\"fw-bold mt-25 fs-48 playfair\">THE SMART COLOR\n<\/p><p class=\"text-left fs-20 mt-15\">Crema cosm\u00e9tica colorante permanente r\u00e1pida 10 minutos<\/p>\n<p class=\"mt-25 mb-10 fs-15\">\u00a1El Smart Color es el innovador sistema de coloraci\u00f3n de oxidaci\u00f3n permanente con formulaci\u00f3n Vegana, sin PPD que renueva tu mirada en tan solo 10 minutos! Una alternativa cosm\u00e9tica r\u00e1pida, fiable y delicada, que garantiza una perfecta cobertura de las canas, reflejos vivos y estables y una excelente durabilidad en el tiempo.<\/p>\n<p class=\"mb-50\">100 ml x 12 nuances<\/p>\n<div class=\"relative\">\n<p class=\"fs-20 line-title-first\">Plus Producto<\/p>\n<span class=\"collapseomatic\" id=\"id69da20011886d\"  tabindex=\"0\" title=\"\"><\/span><div id=\"target-id69da20011886d\" class=\"collapseomatic_content\">\n<ul class=\"\">\n<li>F\u00d3RMULA VEGANA<\/li>\n<li>0% PPD A\u00d1ADIDO<\/li>\n<li>0% RESORCINOL A\u00d1ADIDO<\/li>\n<\/ul>\n<\/div><\/div>\n<div class=\"relative\">\n<p class=\"fs-20 line-title\">Ingredientes Clave<\/p>\n<span class=\"collapseomatic\" id=\"id69da200118953\"  tabindex=\"0\" title=\"\"><\/span><div id=\"target-id69da200118953\" class=\"collapseomatic_content\">\n<ul>\n<li>Prote\u00edna de quinua*<\/li>\n<li>Olio di bacche di A\u00e7ai*<\/li>\n<li>Mezcla de amino\u00e1cidos veganos*<\/li>\n<p class='bio-collapse'>*de cultivos ecol\u00f3gicos<\/p>\n<\/ul>\n<\/div><\/div>\n<div class=\"relative\">\n<p class=\"fs-20 line-title\">M\u00e1s Informaci\u00f3n<\/p>\n<span class=\"collapseomatic\" id=\"id69da20011898d\"  tabindex=\"0\" title=\"\"><\/span><div id=\"target-id69da20011898d\" class=\"collapseomatic_content\">\n<p>The Smart Color es una coloraci\u00f3n compuesta por 25 tonos ultrarr\u00e1pidos, perfectamente calibrados y capaces de expresar el m\u00e1ximo poder colorante en tan solo 10 minutos, lo que permite realizar servicios r\u00e1pidos de: retoques y correcciones de color, cobertura reexpresada cabello blanco, colores tono sobre tono, aligeramiento de hasta 3 tonos, refresh y reflejos de profundidad. The Smart Color garantiza el m\u00e1ximo respeto de la piel y el cabello gracias a un tiempo de exposici\u00f3n reducido y a las propiedades de valiosos ingredientes como las prote\u00ednas de Quinoa, el aceite de bayas de A\u00e7ai y una mezcla de amino\u00e1cidos vegetales con acci\u00f3n antioxidante, acondicionador protector.<\/p>\n<\/div><\/div>\n<div class=\"relative\">\n<p class=\"fs-20 line-title\">Modo De Empleo<\/p>\n<span class=\"collapseomatic\" id=\"id69da2001189bd\"  tabindex=\"0\" title=\"\"><\/span><div id=\"target-id69da2001189bd\" class=\"collapseomatic_content\">\n<p>S\u00d3LO PARA USO PROFESIONAL<\/p>\n<\/div><\/div>","protected":false},"excerpt":{"rendered":"<p>Crema cosmetica colorante permanente rapida 10 minuti The Smart Color \u00e8 l&#8217;innovativo sistema di colorazione permanente ad ossidazione dalla formulazione Vegan, senza PPD che rinnova il tuo look in soli 10 minuti! Un&#8217;alternativa cosmetica rapida, affidabile e delicata, che garantisce una perfetta copertura dei capelli bianchi, riflessi vividi e stabili ed un&#8217;eccellente durata nel tempo. [&hellip;]<\/p>\n","protected":false},"featured_media":5108,"template":"","meta":{"_acf_changed":false,"inline_featured_image":false},"product_brand":[],"product_cat":[17,47,28],"product_tag":[],"class_list":{"0":"post-2855","1":"product","2":"type-product","3":"status-publish","4":"has-post-thumbnail","6":"product_cat-all","7":"product_cat-the-color-area","8":"product_cat-the-smart-color","10":"first","11":"outofstock","12":"shipping-taxable","13":"purchasable","14":"product-type-simple"},"acf":[],"yoast_head":"<!-- This site is optimized with the Yoast SEO plugin v27.0 - https:\/\/yoast.com\/product\/yoast-seo-wordpress\/ -->\n<title>THE SMART COLOR - Nook<\/title>\n<meta name=\"robots\" content=\"index, follow, max-snippet:-1, max-image-preview:large, max-video-preview:-1\" \/>\n<link rel=\"canonical\" href=\"https:\/\/nookcosmetics.it\/es\/producto\/the-smart-color\/\" \/>\n<meta property=\"og:locale\" content=\"es_ES\" \/>\n<meta property=\"og:type\" content=\"article\" \/>\n<meta property=\"og:title\" content=\"THE SMART COLOR - Nook\" \/>\n<meta property=\"og:description\" content=\"Crema cosmetica colorante permanente rapida 10 minuti The Smart Color \u00e8 l&#8217;innovativo sistema di colorazione permanente ad ossidazione dalla formulazione Vegan, senza PPD che rinnova il tuo look in soli 10 minuti! Un&#8217;alternativa cosmetica rapida, affidabile e delicata, che garantisce una perfetta copertura dei capelli bianchi, riflessi vividi e stabili ed un&#8217;eccellente durata nel tempo. [&hellip;]\" \/>\n<meta property=\"og:url\" content=\"https:\/\/nookcosmetics.it\/es\/producto\/the-smart-color\/\" \/>\n<meta property=\"og:site_name\" content=\"Nook\" \/>\n<meta property=\"article:publisher\" content=\"https:\/\/www.facebook.com\/nookitaly\/\" \/>\n<meta property=\"article:modified_time\" content=\"2025-10-03T13:47:41+00:00\" \/>\n<meta property=\"og:image\" content=\"https:\/\/nookcosmetics.it\/wp-content\/uploads\/2024\/05\/1027410-1.jpg\" \/>\n\t<meta property=\"og:image:width\" content=\"1333\" \/>\n\t<meta property=\"og:image:height\" content=\"2000\" \/>\n\t<meta property=\"og:image:type\" content=\"image\/jpeg\" \/>\n<meta name=\"twitter:card\" content=\"summary_large_image\" \/>\n<meta name=\"twitter:label1\" content=\"Tiempo de lectura\" \/>\n\t<meta name=\"twitter:data1\" content=\"2 minutos\" \/>\n<script type=\"application\/ld+json\" class=\"yoast-schema-graph\">{\"@context\":\"https:\/\/schema.org\",\"@graph\":[{\"@type\":\"WebPage\",\"@id\":\"https:\/\/nookcosmetics.it\/prodotto\/the-smart-color\/\",\"url\":\"https:\/\/nookcosmetics.it\/prodotto\/the-smart-color\/\",\"name\":\"THE SMART COLOR - Nook\",\"isPartOf\":{\"@id\":\"https:\/\/nookcosmetics.it\/#website\"},\"primaryImageOfPage\":{\"@id\":\"https:\/\/nookcosmetics.it\/prodotto\/the-smart-color\/#primaryimage\"},\"image\":{\"@id\":\"https:\/\/nookcosmetics.it\/prodotto\/the-smart-color\/#primaryimage\"},\"thumbnailUrl\":\"https:\/\/nookcosmetics.it\/wp-content\/uploads\/2024\/05\/1027410-1.jpg\",\"datePublished\":\"2024-05-02T11:21:44+00:00\",\"dateModified\":\"2025-10-03T13:47:41+00:00\",\"breadcrumb\":{\"@id\":\"https:\/\/nookcosmetics.it\/prodotto\/the-smart-color\/#breadcrumb\"},\"inLanguage\":\"es\",\"potentialAction\":[{\"@type\":\"ReadAction\",\"target\":[\"https:\/\/nookcosmetics.it\/prodotto\/the-smart-color\/\"]}]},{\"@type\":\"ImageObject\",\"inLanguage\":\"es\",\"@id\":\"https:\/\/nookcosmetics.it\/prodotto\/the-smart-color\/#primaryimage\",\"url\":\"https:\/\/nookcosmetics.it\/wp-content\/uploads\/2024\/05\/1027410-1.jpg\",\"contentUrl\":\"https:\/\/nookcosmetics.it\/wp-content\/uploads\/2024\/05\/1027410-1.jpg\",\"width\":1333,\"height\":2000},{\"@type\":\"BreadcrumbList\",\"@id\":\"https:\/\/nookcosmetics.it\/prodotto\/the-smart-color\/#breadcrumb\",\"itemListElement\":[{\"@type\":\"ListItem\",\"position\":1,\"name\":\"Home\",\"item\":\"https:\/\/nookcosmetics.it\/\"},{\"@type\":\"ListItem\",\"position\":2,\"name\":\"THE SMART COLOR\"}]},{\"@type\":\"WebSite\",\"@id\":\"https:\/\/nookcosmetics.it\/#website\",\"url\":\"https:\/\/nookcosmetics.it\/\",\"name\":\"Nook Cosmetics\",\"description\":\"Crediamo nella bellezza della semplicit\u00e0, nell\u2019armonia degli elementi, nell\u2019equilibrio della natura\",\"publisher\":{\"@id\":\"https:\/\/nookcosmetics.it\/#organization\"},\"alternateName\":\"Nook Cosmetics\",\"potentialAction\":[{\"@type\":\"SearchAction\",\"target\":{\"@type\":\"EntryPoint\",\"urlTemplate\":\"https:\/\/nookcosmetics.it\/?s={search_term_string}\"},\"query-input\":{\"@type\":\"PropertyValueSpecification\",\"valueRequired\":true,\"valueName\":\"search_term_string\"}}],\"inLanguage\":\"es\"},{\"@type\":\"Organization\",\"@id\":\"https:\/\/nookcosmetics.it\/#organization\",\"name\":\"Nook Cosmetics\",\"alternateName\":\"Nook Cosmetics\",\"url\":\"https:\/\/nookcosmetics.it\/\",\"logo\":{\"@type\":\"ImageObject\",\"inLanguage\":\"es\",\"@id\":\"https:\/\/nookcosmetics.it\/#\/schema\/logo\/image\/\",\"url\":\"https:\/\/nookcosmetics.it\/wp-content\/uploads\/2023\/12\/LOGO-NOOK-01.svg\",\"contentUrl\":\"https:\/\/nookcosmetics.it\/wp-content\/uploads\/2023\/12\/LOGO-NOOK-01.svg\",\"width\":1,\"height\":1,\"caption\":\"Nook Cosmetics\"},\"image\":{\"@id\":\"https:\/\/nookcosmetics.it\/#\/schema\/logo\/image\/\"},\"sameAs\":[\"https:\/\/www.facebook.com\/nookitaly\/\",\"https:\/\/www.instagram.com\/nook_italy?igsh=dGF4ZDZhZHNqOWNj\",\"https:\/\/open.spotify.com\/user\/xle0uiwswkyv64wg355xqn1q3?si=c820e61a855848b5&nd=1&dlsi=4e3d74ee010547b8\"]}]}<\/script>\n<!-- \/ Yoast SEO plugin. -->","yoast_head_json":{"title":"THE SMART COLOR - Nook","robots":{"index":"index","follow":"follow","max-snippet":"max-snippet:-1","max-image-preview":"max-image-preview:large","max-video-preview":"max-video-preview:-1"},"canonical":"https:\/\/nookcosmetics.it\/es\/producto\/the-smart-color\/","og_locale":"es_ES","og_type":"article","og_title":"THE SMART COLOR - Nook","og_description":"Crema cosmetica colorante permanente rapida 10 minuti The Smart Color \u00e8 l&#8217;innovativo sistema di colorazione permanente ad ossidazione dalla formulazione Vegan, senza PPD che rinnova il tuo look in soli 10 minuti! Un&#8217;alternativa cosmetica rapida, affidabile e delicata, che garantisce una perfetta copertura dei capelli bianchi, riflessi vividi e stabili ed un&#8217;eccellente durata nel tempo. [&hellip;]","og_url":"https:\/\/nookcosmetics.it\/es\/producto\/the-smart-color\/","og_site_name":"Nook","article_publisher":"https:\/\/www.facebook.com\/nookitaly\/","article_modified_time":"2025-10-03T13:47:41+00:00","og_image":[{"width":1333,"height":2000,"url":"https:\/\/nookcosmetics.it\/wp-content\/uploads\/2024\/05\/1027410-1.jpg","type":"image\/jpeg"}],"twitter_card":"summary_large_image","twitter_misc":{"Tiempo de lectura":"2 minutos"},"schema":{"@context":"https:\/\/schema.org","@graph":[{"@type":"WebPage","@id":"https:\/\/nookcosmetics.it\/prodotto\/the-smart-color\/","url":"https:\/\/nookcosmetics.it\/prodotto\/the-smart-color\/","name":"THE SMART COLOR - Nook","isPartOf":{"@id":"https:\/\/nookcosmetics.it\/#website"},"primaryImageOfPage":{"@id":"https:\/\/nookcosmetics.it\/prodotto\/the-smart-color\/#primaryimage"},"image":{"@id":"https:\/\/nookcosmetics.it\/prodotto\/the-smart-color\/#primaryimage"},"thumbnailUrl":"https:\/\/nookcosmetics.it\/wp-content\/uploads\/2024\/05\/1027410-1.jpg","datePublished":"2024-05-02T11:21:44+00:00","dateModified":"2025-10-03T13:47:41+00:00","breadcrumb":{"@id":"https:\/\/nookcosmetics.it\/prodotto\/the-smart-color\/#breadcrumb"},"inLanguage":"es","potentialAction":[{"@type":"ReadAction","target":["https:\/\/nookcosmetics.it\/prodotto\/the-smart-color\/"]}]},{"@type":"ImageObject","inLanguage":"es","@id":"https:\/\/nookcosmetics.it\/prodotto\/the-smart-color\/#primaryimage","url":"https:\/\/nookcosmetics.it\/wp-content\/uploads\/2024\/05\/1027410-1.jpg","contentUrl":"https:\/\/nookcosmetics.it\/wp-content\/uploads\/2024\/05\/1027410-1.jpg","width":1333,"height":2000},{"@type":"BreadcrumbList","@id":"https:\/\/nookcosmetics.it\/prodotto\/the-smart-color\/#breadcrumb","itemListElement":[{"@type":"ListItem","position":1,"name":"Home","item":"https:\/\/nookcosmetics.it\/"},{"@type":"ListItem","position":2,"name":"THE SMART COLOR"}]},{"@type":"WebSite","@id":"https:\/\/nookcosmetics.it\/#website","url":"https:\/\/nookcosmetics.it\/","name":"Nook Cosmetics","description":"Crediamo nella bellezza della semplicit\u00e0, nell\u2019armonia degli elementi, nell\u2019equilibrio della natura","publisher":{"@id":"https:\/\/nookcosmetics.it\/#organization"},"alternateName":"Nook Cosmetics","potentialAction":[{"@type":"SearchAction","target":{"@type":"EntryPoint","urlTemplate":"https:\/\/nookcosmetics.it\/?s={search_term_string}"},"query-input":{"@type":"PropertyValueSpecification","valueRequired":true,"valueName":"search_term_string"}}],"inLanguage":"es"},{"@type":"Organization","@id":"https:\/\/nookcosmetics.it\/#organization","name":"Nook Cosmetics","alternateName":"Nook Cosmetics","url":"https:\/\/nookcosmetics.it\/","logo":{"@type":"ImageObject","inLanguage":"es","@id":"https:\/\/nookcosmetics.it\/#\/schema\/logo\/image\/","url":"https:\/\/nookcosmetics.it\/wp-content\/uploads\/2023\/12\/LOGO-NOOK-01.svg","contentUrl":"https:\/\/nookcosmetics.it\/wp-content\/uploads\/2023\/12\/LOGO-NOOK-01.svg","width":1,"height":1,"caption":"Nook Cosmetics"},"image":{"@id":"https:\/\/nookcosmetics.it\/#\/schema\/logo\/image\/"},"sameAs":["https:\/\/www.facebook.com\/nookitaly\/","https:\/\/www.instagram.com\/nook_italy?igsh=dGF4ZDZhZHNqOWNj","https:\/\/open.spotify.com\/user\/xle0uiwswkyv64wg355xqn1q3?si=c820e61a855848b5&nd=1&dlsi=4e3d74ee010547b8"]}]}},"_links":{"self":[{"href":"https:\/\/nookcosmetics.it\/es\/wp-json\/wp\/v2\/product\/2855","targetHints":{"allow":["GET"]}}],"collection":[{"href":"https:\/\/nookcosmetics.it\/es\/wp-json\/wp\/v2\/product"}],"about":[{"href":"https:\/\/nookcosmetics.it\/es\/wp-json\/wp\/v2\/types\/product"}],"wp:featuredmedia":[{"embeddable":true,"href":"https:\/\/nookcosmetics.it\/es\/wp-json\/wp\/v2\/media\/5108"}],"wp:attachment":[{"href":"https:\/\/nookcosmetics.it\/es\/wp-json\/wp\/v2\/media?parent=2855"}],"wp:term":[{"taxonomy":"product_brand","embeddable":true,"href":"https:\/\/nookcosmetics.it\/es\/wp-json\/wp\/v2\/product_brand?post=2855"},{"taxonomy":"product_cat","embeddable":true,"href":"https:\/\/nookcosmetics.it\/es\/wp-json\/wp\/v2\/product_cat?post=2855"},{"taxonomy":"product_tag","embeddable":true,"href":"https:\/\/nookcosmetics.it\/es\/wp-json\/wp\/v2\/product_tag?post=2855"}],"curies":[{"name":"wp","href":"https:\/\/api.w.org\/{rel}","templated":true}]}}