{"id":2853,"date":"2024-05-02T13:21:44","date_gmt":"2024-05-02T11:21:44","guid":{"rendered":"https:\/\/nookcosmetics.it\/prodotto\/the-origin-color\/"},"modified":"2025-10-03T15:28:31","modified_gmt":"2025-10-03T13:28:31","slug":"the-origin-color","status":"publish","type":"product","link":"https:\/\/nookcosmetics.it\/es\/producto\/the-origin-color\/","title":{"rendered":"THE ORIGIN COLOR"},"content":{"rendered":"<p class=\"fw-bold uppercase fs-24 c-green line-bf\">\n<\/p><p class=\"fw-bold mt-25 fs-48 playfair\">THE ORIGIN COLOR\n<\/p><p class=\"text-left fs-20 mt-15\">Crema cosm\u00e9tica colorante permanente<\/p>\n<p class=\"mt-25 mb-10 fs-15\">The Origin Color es el innovador sistema de coloraci\u00f3n de oxidaci\u00f3n permanente con una formulaci\u00f3n vegana y libre de PPD, con Quinoa y Aceite de Abisinia, ingredientes preciosos de cultivo org\u00e1nico, ricos en amino\u00e1cidos y sustancias antioxidantes, que se presentan en una base cosm\u00e9tica moderna y perfumada en crema-gel, transforma el servicio de coloraci\u00f3n en el sal\u00f3n en un aut\u00e9ntico tratamiento de belleza.<\/p>\n<p class=\"mb-50\">100 ml x 103 nuances<\/p>\n<div class=\"relative\">\n<p class=\"fs-20 line-title-first\">Plus Producto<\/p>\n<span class=\"collapseomatic\" id=\"id69da4219aa954\"  tabindex=\"0\" title=\"\"><\/span><div id=\"target-id69da4219aa954\" class=\"collapseomatic_content\">\n<ul class=\"\">\n<li>F\u00d3RMULA VEGANA<\/li>\n<li>0% PPD A\u00d1ADIDO<\/li>\n<li>0% RESORCINOL A\u00d1ADIDO<\/li>\n<\/ul>\n<\/div><\/div>\n<div class=\"relative\">\n<p class=\"fs-20 line-title\">Ingredientes Clave<\/p>\n<span class=\"collapseomatic\" id=\"id69da4219aaa00\"  tabindex=\"0\" title=\"\"><\/span><div id=\"target-id69da4219aaa00\" class=\"collapseomatic_content\">\n<ul>\n<li>Prote\u00edna de quinua*<\/li>\n<li>Aceite de Abisinia*<\/li>\n<p class='bio-collapse'>*de cultivos ecol\u00f3gicos<\/p>\n<\/ul>\n<\/div><\/div>\n<div class=\"relative\">\n<p class=\"fs-20 line-title\">M\u00e1s Informaci\u00f3n<\/p>\n<span class=\"collapseomatic\" id=\"id69da4219aaa26\"  tabindex=\"0\" title=\"\"><\/span><div id=\"target-id69da4219aaa26\" class=\"collapseomatic_content\">\n<p>El sistema de coloraci\u00f3n The Origin Color garantiza la m\u00e1xima protecci\u00f3n y reestructuraci\u00f3n de la fibra capilar con una alta reducci\u00f3n del estr\u00e9s del cabello y un brillo visible y excepcional, suavidad y sedosidad. La tecnolog\u00eda especial NCR (Natural Color Retention), captura y retiene los micro-pigmentos dentro de la fibra capilar, asegurando una extraordinaria duraci\u00f3n del color y una profunda acci\u00f3n acondicionadora. Ofrece la m\u00e1xima delicadeza, protecci\u00f3n y total respeto de la piel durante todo el proceso de coloraci\u00f3n. Garantiza: una alta acci\u00f3n antioxidante y antienvejecimiento progresivo, en todos los tipos de cabello, incluso m\u00e1s explotados y delicados; una cobertura perfecta de cabello blanco, naturalidad y uniformidad del reflejo desde la ra\u00edz hasta las puntas, para un resultado t\u00e9cnico preciso en cada situaci\u00f3n y en cada tipo de cabello; aclarado preciso hasta 4 tonos, con la serie s\u00faper aclarado, sin estresar el cabello, que permanece brillante y sedoso.<\/p>\n<\/div><\/div>\n<div class=\"relative\">\n<p class=\"fs-20 line-title\">Modo De Empleo<\/p>\n<span class=\"collapseomatic\" id=\"id69da4219aaa48\"  tabindex=\"0\" title=\"\"><\/span><div id=\"target-id69da4219aaa48\" class=\"collapseomatic_content\">\n<p>S\u00d3LO PARA USO PROFESIONAL<\/p>\n<\/div><\/div>","protected":false},"excerpt":{"rendered":"<p>Crema cosmetica colorante permanente The Origin Color \u00e8 l&#8217;innovativo sistema di colorazione permanente ad ossidazione dalla formulazione Vegan e senza PPD, con Quinoa e Abyssinian Oil, preziosi ingredienti provenienti da coltivazione biologica, ricchi di amminoacidi e sostanze antiossidanti, che veicolati in una moderna e profumata base cosmetica in crema-gel, trasformano il servizio di colorazione in [&hellip;]<\/p>\n","protected":false},"featured_media":5121,"template":"","meta":{"_acf_changed":false,"inline_featured_image":false},"product_brand":[],"product_cat":[17,47,26],"product_tag":[],"class_list":{"0":"post-2853","1":"product","2":"type-product","3":"status-publish","4":"has-post-thumbnail","6":"product_cat-all","7":"product_cat-the-color-area","8":"product_cat-the-origin-color","10":"first","11":"outofstock","12":"shipping-taxable","13":"purchasable","14":"product-type-simple"},"acf":[],"yoast_head":"<!-- This site is optimized with the Yoast SEO plugin v27.0 - https:\/\/yoast.com\/product\/yoast-seo-wordpress\/ -->\n<title>THE ORIGIN COLOR - Nook<\/title>\n<meta name=\"robots\" content=\"index, follow, max-snippet:-1, max-image-preview:large, max-video-preview:-1\" \/>\n<link rel=\"canonical\" href=\"https:\/\/nookcosmetics.it\/es\/producto\/the-origin-color\/\" \/>\n<meta property=\"og:locale\" content=\"es_ES\" \/>\n<meta property=\"og:type\" content=\"article\" \/>\n<meta property=\"og:title\" content=\"THE ORIGIN COLOR - Nook\" \/>\n<meta property=\"og:description\" content=\"Crema cosmetica colorante permanente The Origin Color \u00e8 l&#8217;innovativo sistema di colorazione permanente ad ossidazione dalla formulazione Vegan e senza PPD, con Quinoa e Abyssinian Oil, preziosi ingredienti provenienti da coltivazione biologica, ricchi di amminoacidi e sostanze antiossidanti, che veicolati in una moderna e profumata base cosmetica in crema-gel, trasformano il servizio di colorazione in [&hellip;]\" \/>\n<meta property=\"og:url\" content=\"https:\/\/nookcosmetics.it\/es\/producto\/the-origin-color\/\" \/>\n<meta property=\"og:site_name\" content=\"Nook\" \/>\n<meta property=\"article:publisher\" content=\"https:\/\/www.facebook.com\/nookitaly\/\" \/>\n<meta property=\"article:modified_time\" content=\"2025-10-03T13:28:31+00:00\" \/>\n<meta property=\"og:image\" content=\"https:\/\/nookcosmetics.it\/wp-content\/uploads\/2024\/05\/1002022-1.jpg\" \/>\n\t<meta property=\"og:image:width\" content=\"1333\" \/>\n\t<meta property=\"og:image:height\" content=\"2000\" \/>\n\t<meta property=\"og:image:type\" content=\"image\/jpeg\" \/>\n<meta name=\"twitter:card\" content=\"summary_large_image\" \/>\n<meta name=\"twitter:label1\" content=\"Tiempo de lectura\" \/>\n\t<meta name=\"twitter:data1\" content=\"2 minutos\" \/>\n<script type=\"application\/ld+json\" class=\"yoast-schema-graph\">{\"@context\":\"https:\/\/schema.org\",\"@graph\":[{\"@type\":\"WebPage\",\"@id\":\"https:\/\/nookcosmetics.it\/prodotto\/the-origin-color\/\",\"url\":\"https:\/\/nookcosmetics.it\/prodotto\/the-origin-color\/\",\"name\":\"THE ORIGIN COLOR - Nook\",\"isPartOf\":{\"@id\":\"https:\/\/nookcosmetics.it\/#website\"},\"primaryImageOfPage\":{\"@id\":\"https:\/\/nookcosmetics.it\/prodotto\/the-origin-color\/#primaryimage\"},\"image\":{\"@id\":\"https:\/\/nookcosmetics.it\/prodotto\/the-origin-color\/#primaryimage\"},\"thumbnailUrl\":\"https:\/\/nookcosmetics.it\/wp-content\/uploads\/2024\/05\/1002022-1.jpg\",\"datePublished\":\"2024-05-02T11:21:44+00:00\",\"dateModified\":\"2025-10-03T13:28:31+00:00\",\"breadcrumb\":{\"@id\":\"https:\/\/nookcosmetics.it\/prodotto\/the-origin-color\/#breadcrumb\"},\"inLanguage\":\"es\",\"potentialAction\":[{\"@type\":\"ReadAction\",\"target\":[\"https:\/\/nookcosmetics.it\/prodotto\/the-origin-color\/\"]}]},{\"@type\":\"ImageObject\",\"inLanguage\":\"es\",\"@id\":\"https:\/\/nookcosmetics.it\/prodotto\/the-origin-color\/#primaryimage\",\"url\":\"https:\/\/nookcosmetics.it\/wp-content\/uploads\/2024\/05\/1002022-1.jpg\",\"contentUrl\":\"https:\/\/nookcosmetics.it\/wp-content\/uploads\/2024\/05\/1002022-1.jpg\",\"width\":1333,\"height\":2000},{\"@type\":\"BreadcrumbList\",\"@id\":\"https:\/\/nookcosmetics.it\/prodotto\/the-origin-color\/#breadcrumb\",\"itemListElement\":[{\"@type\":\"ListItem\",\"position\":1,\"name\":\"Home\",\"item\":\"https:\/\/nookcosmetics.it\/\"},{\"@type\":\"ListItem\",\"position\":2,\"name\":\"THE ORIGIN COLOR\"}]},{\"@type\":\"WebSite\",\"@id\":\"https:\/\/nookcosmetics.it\/#website\",\"url\":\"https:\/\/nookcosmetics.it\/\",\"name\":\"Nook Cosmetics\",\"description\":\"Crediamo nella bellezza della semplicit\u00e0, nell\u2019armonia degli elementi, nell\u2019equilibrio della natura\",\"publisher\":{\"@id\":\"https:\/\/nookcosmetics.it\/#organization\"},\"alternateName\":\"Nook Cosmetics\",\"potentialAction\":[{\"@type\":\"SearchAction\",\"target\":{\"@type\":\"EntryPoint\",\"urlTemplate\":\"https:\/\/nookcosmetics.it\/?s={search_term_string}\"},\"query-input\":{\"@type\":\"PropertyValueSpecification\",\"valueRequired\":true,\"valueName\":\"search_term_string\"}}],\"inLanguage\":\"es\"},{\"@type\":\"Organization\",\"@id\":\"https:\/\/nookcosmetics.it\/#organization\",\"name\":\"Nook Cosmetics\",\"alternateName\":\"Nook Cosmetics\",\"url\":\"https:\/\/nookcosmetics.it\/\",\"logo\":{\"@type\":\"ImageObject\",\"inLanguage\":\"es\",\"@id\":\"https:\/\/nookcosmetics.it\/#\/schema\/logo\/image\/\",\"url\":\"https:\/\/nookcosmetics.it\/wp-content\/uploads\/2023\/12\/LOGO-NOOK-01.svg\",\"contentUrl\":\"https:\/\/nookcosmetics.it\/wp-content\/uploads\/2023\/12\/LOGO-NOOK-01.svg\",\"width\":1,\"height\":1,\"caption\":\"Nook Cosmetics\"},\"image\":{\"@id\":\"https:\/\/nookcosmetics.it\/#\/schema\/logo\/image\/\"},\"sameAs\":[\"https:\/\/www.facebook.com\/nookitaly\/\",\"https:\/\/www.instagram.com\/nook_italy?igsh=dGF4ZDZhZHNqOWNj\",\"https:\/\/open.spotify.com\/user\/xle0uiwswkyv64wg355xqn1q3?si=c820e61a855848b5&nd=1&dlsi=4e3d74ee010547b8\"]}]}<\/script>\n<!-- \/ Yoast SEO plugin. -->","yoast_head_json":{"title":"THE ORIGIN COLOR - Nook","robots":{"index":"index","follow":"follow","max-snippet":"max-snippet:-1","max-image-preview":"max-image-preview:large","max-video-preview":"max-video-preview:-1"},"canonical":"https:\/\/nookcosmetics.it\/es\/producto\/the-origin-color\/","og_locale":"es_ES","og_type":"article","og_title":"THE ORIGIN COLOR - Nook","og_description":"Crema cosmetica colorante permanente The Origin Color \u00e8 l&#8217;innovativo sistema di colorazione permanente ad ossidazione dalla formulazione Vegan e senza PPD, con Quinoa e Abyssinian Oil, preziosi ingredienti provenienti da coltivazione biologica, ricchi di amminoacidi e sostanze antiossidanti, che veicolati in una moderna e profumata base cosmetica in crema-gel, trasformano il servizio di colorazione in [&hellip;]","og_url":"https:\/\/nookcosmetics.it\/es\/producto\/the-origin-color\/","og_site_name":"Nook","article_publisher":"https:\/\/www.facebook.com\/nookitaly\/","article_modified_time":"2025-10-03T13:28:31+00:00","og_image":[{"width":1333,"height":2000,"url":"https:\/\/nookcosmetics.it\/wp-content\/uploads\/2024\/05\/1002022-1.jpg","type":"image\/jpeg"}],"twitter_card":"summary_large_image","twitter_misc":{"Tiempo de lectura":"2 minutos"},"schema":{"@context":"https:\/\/schema.org","@graph":[{"@type":"WebPage","@id":"https:\/\/nookcosmetics.it\/prodotto\/the-origin-color\/","url":"https:\/\/nookcosmetics.it\/prodotto\/the-origin-color\/","name":"THE ORIGIN COLOR - Nook","isPartOf":{"@id":"https:\/\/nookcosmetics.it\/#website"},"primaryImageOfPage":{"@id":"https:\/\/nookcosmetics.it\/prodotto\/the-origin-color\/#primaryimage"},"image":{"@id":"https:\/\/nookcosmetics.it\/prodotto\/the-origin-color\/#primaryimage"},"thumbnailUrl":"https:\/\/nookcosmetics.it\/wp-content\/uploads\/2024\/05\/1002022-1.jpg","datePublished":"2024-05-02T11:21:44+00:00","dateModified":"2025-10-03T13:28:31+00:00","breadcrumb":{"@id":"https:\/\/nookcosmetics.it\/prodotto\/the-origin-color\/#breadcrumb"},"inLanguage":"es","potentialAction":[{"@type":"ReadAction","target":["https:\/\/nookcosmetics.it\/prodotto\/the-origin-color\/"]}]},{"@type":"ImageObject","inLanguage":"es","@id":"https:\/\/nookcosmetics.it\/prodotto\/the-origin-color\/#primaryimage","url":"https:\/\/nookcosmetics.it\/wp-content\/uploads\/2024\/05\/1002022-1.jpg","contentUrl":"https:\/\/nookcosmetics.it\/wp-content\/uploads\/2024\/05\/1002022-1.jpg","width":1333,"height":2000},{"@type":"BreadcrumbList","@id":"https:\/\/nookcosmetics.it\/prodotto\/the-origin-color\/#breadcrumb","itemListElement":[{"@type":"ListItem","position":1,"name":"Home","item":"https:\/\/nookcosmetics.it\/"},{"@type":"ListItem","position":2,"name":"THE ORIGIN COLOR"}]},{"@type":"WebSite","@id":"https:\/\/nookcosmetics.it\/#website","url":"https:\/\/nookcosmetics.it\/","name":"Nook Cosmetics","description":"Crediamo nella bellezza della semplicit\u00e0, nell\u2019armonia degli elementi, nell\u2019equilibrio della natura","publisher":{"@id":"https:\/\/nookcosmetics.it\/#organization"},"alternateName":"Nook Cosmetics","potentialAction":[{"@type":"SearchAction","target":{"@type":"EntryPoint","urlTemplate":"https:\/\/nookcosmetics.it\/?s={search_term_string}"},"query-input":{"@type":"PropertyValueSpecification","valueRequired":true,"valueName":"search_term_string"}}],"inLanguage":"es"},{"@type":"Organization","@id":"https:\/\/nookcosmetics.it\/#organization","name":"Nook Cosmetics","alternateName":"Nook Cosmetics","url":"https:\/\/nookcosmetics.it\/","logo":{"@type":"ImageObject","inLanguage":"es","@id":"https:\/\/nookcosmetics.it\/#\/schema\/logo\/image\/","url":"https:\/\/nookcosmetics.it\/wp-content\/uploads\/2023\/12\/LOGO-NOOK-01.svg","contentUrl":"https:\/\/nookcosmetics.it\/wp-content\/uploads\/2023\/12\/LOGO-NOOK-01.svg","width":1,"height":1,"caption":"Nook Cosmetics"},"image":{"@id":"https:\/\/nookcosmetics.it\/#\/schema\/logo\/image\/"},"sameAs":["https:\/\/www.facebook.com\/nookitaly\/","https:\/\/www.instagram.com\/nook_italy?igsh=dGF4ZDZhZHNqOWNj","https:\/\/open.spotify.com\/user\/xle0uiwswkyv64wg355xqn1q3?si=c820e61a855848b5&nd=1&dlsi=4e3d74ee010547b8"]}]}},"_links":{"self":[{"href":"https:\/\/nookcosmetics.it\/es\/wp-json\/wp\/v2\/product\/2853","targetHints":{"allow":["GET"]}}],"collection":[{"href":"https:\/\/nookcosmetics.it\/es\/wp-json\/wp\/v2\/product"}],"about":[{"href":"https:\/\/nookcosmetics.it\/es\/wp-json\/wp\/v2\/types\/product"}],"wp:featuredmedia":[{"embeddable":true,"href":"https:\/\/nookcosmetics.it\/es\/wp-json\/wp\/v2\/media\/5121"}],"wp:attachment":[{"href":"https:\/\/nookcosmetics.it\/es\/wp-json\/wp\/v2\/media?parent=2853"}],"wp:term":[{"taxonomy":"product_brand","embeddable":true,"href":"https:\/\/nookcosmetics.it\/es\/wp-json\/wp\/v2\/product_brand?post=2853"},{"taxonomy":"product_cat","embeddable":true,"href":"https:\/\/nookcosmetics.it\/es\/wp-json\/wp\/v2\/product_cat?post=2853"},{"taxonomy":"product_tag","embeddable":true,"href":"https:\/\/nookcosmetics.it\/es\/wp-json\/wp\/v2\/product_tag?post=2853"}],"curies":[{"name":"wp","href":"https:\/\/api.w.org\/{rel}","templated":true}]}}