{"id":2777,"date":"2024-05-02T11:46:11","date_gmt":"2024-05-02T09:46:11","guid":{"rendered":"https:\/\/nookcosmetics.it\/prodotto\/intensive-mask\/"},"modified":"2024-05-21T11:39:32","modified_gmt":"2024-05-21T09:39:32","slug":"intensive-mask","status":"publish","type":"product","link":"https:\/\/nookcosmetics.it\/es\/producto\/intensive-mask\/","title":{"rendered":"Intensive Mask"},"content":{"rendered":"<p class=\"fw-bold uppercase fs-24 c-green line-bf\">\n<\/p><p class=\"fw-bold mt-25 fs-48 playfair\">Intensive Mask\n<\/p><p class=\"text-left fs-20 mt-15\">Mascarilla intensiva disciplinadora anti-frizz para cabellos muy encrespados, deshidratados, indomables y porosos<\/p>\n<p class=\"mt-25 mb-10 fs-15\">Maschera intensiva disciplinante anticrespo, ideale per capelli molto crespi, disidratati, indomabili e porosi, sia lisci che ricci e ribelli. Nutre in profondit\u00e0, rigenera e fortifica la fibra capillare, lasciando i capelli visibilmente pi\u00f9 docili, setosi e brillanti. Apporta lucentezza, elasticit\u00e0 e un\u2019intensa morbidezza.<\/p>\n<p class='mb-50'>250 ml \/ 1000 ml<\/p>\n<div class=\"relative\">\n<p class=\"fs-20 line-title-first\">Plus Producto<\/p>\n<span class=\"collapseomatic\" id=\"id69d2d45445217\"  tabindex=\"0\" title=\"\"><\/span><div id=\"target-id69d2d45445217\" class=\"collapseomatic_content\">\n<ul class=\"\">\n<li>0% SLES, SLS<\/li>\n<li>0% PARAFINAS<\/li>\n<li>0% SULFATOS<\/li>\n<li>0% COLORANTES ARTIFICIALES<\/li>\n<li>F\u00d3RMULA VEGANA<\/li>\n<li>METAL TESTADO Ni-Cr-Co < 1 PPM<\/li>\n<li>>95% INGREDIENTI DI ORIGINE NATURALE (*ISO 16128)<\/li>\n<\/ul>\n<\/div><\/div>\n<div class=\"relative\">\n<p class=\"fs-20 line-title\">Ingredientes Clave<\/p>\n<span class=\"collapseomatic\" id=\"id69d2d4544529c\"  tabindex=\"0\" title=\"\"><\/span><div id=\"target-id69d2d4544529c\" class=\"collapseomatic_content\">\n<ul>\n<li>Aceite de Arg\u00e1n*<\/li>\n<li>Olio di Fico d&#8217;India*<\/li>\n<li>Aceite de d\u00e1til \u00e9tico**<\/li>\n<li class=\"bio-collapse\">*de cultivos ecol\u00f3gicos<\/li>\n<li>*de cultivo \u00e9tico<\/li>\n<\/ul>\n<\/div><\/div>\n<div class=\"relative\">\n<p class=\"fs-20 line-title\">M\u00e1s Informaci\u00f3n<\/p>\n<span class=\"collapseomatic\" id=\"id69d2d454452de\"  tabindex=\"0\" title=\"\"><\/span><div id=\"target-id69d2d454452de\" class=\"collapseomatic_content\">\n<p>Svolge un&#8217;efficace azione disciplinante, elimina il crespo, controlla il volume e l&#8217;umidit\u00e0 in eccesso. Particolarmente indicato per capelli stressati da ripetuti trattamenti chimici. Aumenta la resistenza e l\u2019elasticit\u00e0 della fibra capillare per capelli visibilmente disciplinati, sani e luminosi.<\/p>\n<\/div><\/div>\n<div class=\"relative\">\n<p class=\"fs-20 line-title\">Modo De Empleo<\/p>\n<span class=\"collapseomatic\" id=\"id69d2d45445307\"  tabindex=\"0\" title=\"\"><\/span><div id=\"target-id69d2d45445307\" class=\"collapseomatic_content\">\n<p>Despu\u00e9s del champ\u00fa, con el cabello secado con toalla, aplicar uniformemente en largos y puntas. Peinar y dejar actuar al menos de 3 a 5 minutos, luego enjuagar responsablemente.<\/p>\n<\/div><\/div>","protected":false},"excerpt":{"rendered":"<p>Maschera intensiva disciplinante anticrespo per capelli molto crespi, disidratati, indomabili e porosi Maschera intensiva disciplinante anticrespo, ideale per capelli molto crespi, disidratati, indomabili e porosi, sia lisci che ricci e ribelli. Nutre in profondit\u00e0, rigenera e fortifica la fibra capillare, lasciando i capelli visibilmente pi\u00f9 docili, setosi e brillanti. Apporta lucentezza, elasticit\u00e0 e un\u2019intensa morbidezza. [&hellip;]<\/p>\n","protected":false},"featured_media":5384,"template":"","meta":{"_acf_changed":false,"inline_featured_image":false},"product_brand":[],"product_cat":[17,50,20],"product_tag":[21],"class_list":{"0":"post-2777","1":"product","2":"type-product","3":"status-publish","4":"has-post-thumbnail","6":"product_cat-all","7":"product_cat-discipline","8":"product_cat-magic-arganoil","9":"product_tag-secret","11":"first","12":"instock","13":"shipping-taxable","14":"purchasable","15":"product-type-simple"},"acf":[],"yoast_head":"<!-- This site is optimized with the Yoast SEO plugin v27.0 - https:\/\/yoast.com\/product\/yoast-seo-wordpress\/ -->\n<title>Intensive Mask - Nook<\/title>\n<meta name=\"robots\" content=\"index, follow, max-snippet:-1, max-image-preview:large, max-video-preview:-1\" \/>\n<link rel=\"canonical\" href=\"https:\/\/nookcosmetics.it\/es\/producto\/intensive-mask\/\" \/>\n<meta property=\"og:locale\" content=\"es_ES\" \/>\n<meta property=\"og:type\" content=\"article\" \/>\n<meta property=\"og:title\" content=\"Intensive Mask - Nook\" \/>\n<meta property=\"og:description\" content=\"Maschera intensiva disciplinante anticrespo per capelli molto crespi, disidratati, indomabili e porosi Maschera intensiva disciplinante anticrespo, ideale per capelli molto crespi, disidratati, indomabili e porosi, sia lisci che ricci e ribelli. Nutre in profondit\u00e0, rigenera e fortifica la fibra capillare, lasciando i capelli visibilmente pi\u00f9 docili, setosi e brillanti. Apporta lucentezza, elasticit\u00e0 e un\u2019intensa morbidezza. [&hellip;]\" \/>\n<meta property=\"og:url\" content=\"https:\/\/nookcosmetics.it\/es\/producto\/intensive-mask\/\" \/>\n<meta property=\"og:site_name\" content=\"Nook\" \/>\n<meta property=\"article:publisher\" content=\"https:\/\/www.facebook.com\/nookitaly\/\" \/>\n<meta property=\"article:modified_time\" content=\"2024-05-21T09:39:32+00:00\" \/>\n<meta property=\"og:image\" content=\"https:\/\/nookcosmetics.it\/wp-content\/uploads\/2024\/05\/1027023-1.jpg\" \/>\n\t<meta property=\"og:image:width\" content=\"1334\" \/>\n\t<meta property=\"og:image:height\" content=\"2000\" \/>\n\t<meta property=\"og:image:type\" content=\"image\/jpeg\" \/>\n<meta name=\"twitter:card\" content=\"summary_large_image\" \/>\n<meta name=\"twitter:label1\" content=\"Tiempo de lectura\" \/>\n\t<meta name=\"twitter:data1\" content=\"1 minuto\" \/>\n<script type=\"application\/ld+json\" class=\"yoast-schema-graph\">{\"@context\":\"https:\/\/schema.org\",\"@graph\":[{\"@type\":\"WebPage\",\"@id\":\"https:\/\/nookcosmetics.it\/prodotto\/intensive-mask\/\",\"url\":\"https:\/\/nookcosmetics.it\/prodotto\/intensive-mask\/\",\"name\":\"Intensive Mask - Nook\",\"isPartOf\":{\"@id\":\"https:\/\/nookcosmetics.it\/#website\"},\"primaryImageOfPage\":{\"@id\":\"https:\/\/nookcosmetics.it\/prodotto\/intensive-mask\/#primaryimage\"},\"image\":{\"@id\":\"https:\/\/nookcosmetics.it\/prodotto\/intensive-mask\/#primaryimage\"},\"thumbnailUrl\":\"https:\/\/nookcosmetics.it\/wp-content\/uploads\/2024\/05\/1027023-1.jpg\",\"datePublished\":\"2024-05-02T09:46:11+00:00\",\"dateModified\":\"2024-05-21T09:39:32+00:00\",\"breadcrumb\":{\"@id\":\"https:\/\/nookcosmetics.it\/prodotto\/intensive-mask\/#breadcrumb\"},\"inLanguage\":\"es\",\"potentialAction\":[{\"@type\":\"ReadAction\",\"target\":[\"https:\/\/nookcosmetics.it\/prodotto\/intensive-mask\/\"]}]},{\"@type\":\"ImageObject\",\"inLanguage\":\"es\",\"@id\":\"https:\/\/nookcosmetics.it\/prodotto\/intensive-mask\/#primaryimage\",\"url\":\"https:\/\/nookcosmetics.it\/wp-content\/uploads\/2024\/05\/1027023-1.jpg\",\"contentUrl\":\"https:\/\/nookcosmetics.it\/wp-content\/uploads\/2024\/05\/1027023-1.jpg\",\"width\":1334,\"height\":2000},{\"@type\":\"BreadcrumbList\",\"@id\":\"https:\/\/nookcosmetics.it\/prodotto\/intensive-mask\/#breadcrumb\",\"itemListElement\":[{\"@type\":\"ListItem\",\"position\":1,\"name\":\"Home\",\"item\":\"https:\/\/nookcosmetics.it\/\"},{\"@type\":\"ListItem\",\"position\":2,\"name\":\"Intensive Mask\"}]},{\"@type\":\"WebSite\",\"@id\":\"https:\/\/nookcosmetics.it\/#website\",\"url\":\"https:\/\/nookcosmetics.it\/\",\"name\":\"Nook Cosmetics\",\"description\":\"Crediamo nella bellezza della semplicit\u00e0, nell\u2019armonia degli elementi, nell\u2019equilibrio della natura\",\"publisher\":{\"@id\":\"https:\/\/nookcosmetics.it\/#organization\"},\"alternateName\":\"Nook Cosmetics\",\"potentialAction\":[{\"@type\":\"SearchAction\",\"target\":{\"@type\":\"EntryPoint\",\"urlTemplate\":\"https:\/\/nookcosmetics.it\/?s={search_term_string}\"},\"query-input\":{\"@type\":\"PropertyValueSpecification\",\"valueRequired\":true,\"valueName\":\"search_term_string\"}}],\"inLanguage\":\"es\"},{\"@type\":\"Organization\",\"@id\":\"https:\/\/nookcosmetics.it\/#organization\",\"name\":\"Nook Cosmetics\",\"alternateName\":\"Nook Cosmetics\",\"url\":\"https:\/\/nookcosmetics.it\/\",\"logo\":{\"@type\":\"ImageObject\",\"inLanguage\":\"es\",\"@id\":\"https:\/\/nookcosmetics.it\/#\/schema\/logo\/image\/\",\"url\":\"https:\/\/nookcosmetics.it\/wp-content\/uploads\/2023\/12\/LOGO-NOOK-01.svg\",\"contentUrl\":\"https:\/\/nookcosmetics.it\/wp-content\/uploads\/2023\/12\/LOGO-NOOK-01.svg\",\"width\":1,\"height\":1,\"caption\":\"Nook Cosmetics\"},\"image\":{\"@id\":\"https:\/\/nookcosmetics.it\/#\/schema\/logo\/image\/\"},\"sameAs\":[\"https:\/\/www.facebook.com\/nookitaly\/\",\"https:\/\/www.instagram.com\/nook_italy?igsh=dGF4ZDZhZHNqOWNj\",\"https:\/\/open.spotify.com\/user\/xle0uiwswkyv64wg355xqn1q3?si=c820e61a855848b5&nd=1&dlsi=4e3d74ee010547b8\"]}]}<\/script>\n<!-- \/ Yoast SEO plugin. -->","yoast_head_json":{"title":"Intensive Mask - Nook","robots":{"index":"index","follow":"follow","max-snippet":"max-snippet:-1","max-image-preview":"max-image-preview:large","max-video-preview":"max-video-preview:-1"},"canonical":"https:\/\/nookcosmetics.it\/es\/producto\/intensive-mask\/","og_locale":"es_ES","og_type":"article","og_title":"Intensive Mask - Nook","og_description":"Maschera intensiva disciplinante anticrespo per capelli molto crespi, disidratati, indomabili e porosi Maschera intensiva disciplinante anticrespo, ideale per capelli molto crespi, disidratati, indomabili e porosi, sia lisci che ricci e ribelli. Nutre in profondit\u00e0, rigenera e fortifica la fibra capillare, lasciando i capelli visibilmente pi\u00f9 docili, setosi e brillanti. Apporta lucentezza, elasticit\u00e0 e un\u2019intensa morbidezza. [&hellip;]","og_url":"https:\/\/nookcosmetics.it\/es\/producto\/intensive-mask\/","og_site_name":"Nook","article_publisher":"https:\/\/www.facebook.com\/nookitaly\/","article_modified_time":"2024-05-21T09:39:32+00:00","og_image":[{"width":1334,"height":2000,"url":"https:\/\/nookcosmetics.it\/wp-content\/uploads\/2024\/05\/1027023-1.jpg","type":"image\/jpeg"}],"twitter_card":"summary_large_image","twitter_misc":{"Tiempo de lectura":"1 minuto"},"schema":{"@context":"https:\/\/schema.org","@graph":[{"@type":"WebPage","@id":"https:\/\/nookcosmetics.it\/prodotto\/intensive-mask\/","url":"https:\/\/nookcosmetics.it\/prodotto\/intensive-mask\/","name":"Intensive Mask - Nook","isPartOf":{"@id":"https:\/\/nookcosmetics.it\/#website"},"primaryImageOfPage":{"@id":"https:\/\/nookcosmetics.it\/prodotto\/intensive-mask\/#primaryimage"},"image":{"@id":"https:\/\/nookcosmetics.it\/prodotto\/intensive-mask\/#primaryimage"},"thumbnailUrl":"https:\/\/nookcosmetics.it\/wp-content\/uploads\/2024\/05\/1027023-1.jpg","datePublished":"2024-05-02T09:46:11+00:00","dateModified":"2024-05-21T09:39:32+00:00","breadcrumb":{"@id":"https:\/\/nookcosmetics.it\/prodotto\/intensive-mask\/#breadcrumb"},"inLanguage":"es","potentialAction":[{"@type":"ReadAction","target":["https:\/\/nookcosmetics.it\/prodotto\/intensive-mask\/"]}]},{"@type":"ImageObject","inLanguage":"es","@id":"https:\/\/nookcosmetics.it\/prodotto\/intensive-mask\/#primaryimage","url":"https:\/\/nookcosmetics.it\/wp-content\/uploads\/2024\/05\/1027023-1.jpg","contentUrl":"https:\/\/nookcosmetics.it\/wp-content\/uploads\/2024\/05\/1027023-1.jpg","width":1334,"height":2000},{"@type":"BreadcrumbList","@id":"https:\/\/nookcosmetics.it\/prodotto\/intensive-mask\/#breadcrumb","itemListElement":[{"@type":"ListItem","position":1,"name":"Home","item":"https:\/\/nookcosmetics.it\/"},{"@type":"ListItem","position":2,"name":"Intensive Mask"}]},{"@type":"WebSite","@id":"https:\/\/nookcosmetics.it\/#website","url":"https:\/\/nookcosmetics.it\/","name":"Nook Cosmetics","description":"Crediamo nella bellezza della semplicit\u00e0, nell\u2019armonia degli elementi, nell\u2019equilibrio della natura","publisher":{"@id":"https:\/\/nookcosmetics.it\/#organization"},"alternateName":"Nook Cosmetics","potentialAction":[{"@type":"SearchAction","target":{"@type":"EntryPoint","urlTemplate":"https:\/\/nookcosmetics.it\/?s={search_term_string}"},"query-input":{"@type":"PropertyValueSpecification","valueRequired":true,"valueName":"search_term_string"}}],"inLanguage":"es"},{"@type":"Organization","@id":"https:\/\/nookcosmetics.it\/#organization","name":"Nook Cosmetics","alternateName":"Nook Cosmetics","url":"https:\/\/nookcosmetics.it\/","logo":{"@type":"ImageObject","inLanguage":"es","@id":"https:\/\/nookcosmetics.it\/#\/schema\/logo\/image\/","url":"https:\/\/nookcosmetics.it\/wp-content\/uploads\/2023\/12\/LOGO-NOOK-01.svg","contentUrl":"https:\/\/nookcosmetics.it\/wp-content\/uploads\/2023\/12\/LOGO-NOOK-01.svg","width":1,"height":1,"caption":"Nook Cosmetics"},"image":{"@id":"https:\/\/nookcosmetics.it\/#\/schema\/logo\/image\/"},"sameAs":["https:\/\/www.facebook.com\/nookitaly\/","https:\/\/www.instagram.com\/nook_italy?igsh=dGF4ZDZhZHNqOWNj","https:\/\/open.spotify.com\/user\/xle0uiwswkyv64wg355xqn1q3?si=c820e61a855848b5&nd=1&dlsi=4e3d74ee010547b8"]}]}},"_links":{"self":[{"href":"https:\/\/nookcosmetics.it\/es\/wp-json\/wp\/v2\/product\/2777","targetHints":{"allow":["GET"]}}],"collection":[{"href":"https:\/\/nookcosmetics.it\/es\/wp-json\/wp\/v2\/product"}],"about":[{"href":"https:\/\/nookcosmetics.it\/es\/wp-json\/wp\/v2\/types\/product"}],"wp:featuredmedia":[{"embeddable":true,"href":"https:\/\/nookcosmetics.it\/es\/wp-json\/wp\/v2\/media\/5384"}],"wp:attachment":[{"href":"https:\/\/nookcosmetics.it\/es\/wp-json\/wp\/v2\/media?parent=2777"}],"wp:term":[{"taxonomy":"product_brand","embeddable":true,"href":"https:\/\/nookcosmetics.it\/es\/wp-json\/wp\/v2\/product_brand?post=2777"},{"taxonomy":"product_cat","embeddable":true,"href":"https:\/\/nookcosmetics.it\/es\/wp-json\/wp\/v2\/product_cat?post=2777"},{"taxonomy":"product_tag","embeddable":true,"href":"https:\/\/nookcosmetics.it\/es\/wp-json\/wp\/v2\/product_tag?post=2777"}],"curies":[{"name":"wp","href":"https:\/\/api.w.org\/{rel}","templated":true}]}}