{"id":2757,"date":"2024-05-02T10:10:13","date_gmt":"2024-05-02T08:10:13","guid":{"rendered":"https:\/\/nookcosmetics.it\/prodotto\/absolute-oil\/"},"modified":"2024-05-21T11:32:05","modified_gmt":"2024-05-21T09:32:05","slug":"absolute-oil","status":"publish","type":"product","link":"https:\/\/nookcosmetics.it\/es\/producto\/absolute-oil\/","title":{"rendered":"Absolute Oil"},"content":{"rendered":"<p class=\"fw-bold uppercase fs-24 c-green line-bf\">\n<\/p><p class=\"fw-bold mt-25 fs-48 playfair\">Absolute Oil\n<\/p><p class=\"text-left fs-20 mt-15\">Olio d\u2019Argan trattamento intensivo per capelli devitalizzati e spenti<\/p>\n<p class=\"mt-25 mb-10 fs-15\">Un vero e proprio \u201cElisir di Bellezza\u201d intenso e prezioso, ideale per capelli opachi, devitalizzati e sfibrati, sia naturali che trattati chimicamente. Dona un&#8217;eccezionale brillantezza e setosit\u00e0 ai capelli crespi, nutrendo in profondit\u00e0 i capelli pi\u00f9 secchi e indisciplinati.<\/p>\n<p class='mb-50'>100 ml \/ 30 ml<\/p>\n<div class=\"relative\">\n<p class=\"fs-20 line-title-first\">Plus Producto<\/p>\n<span class=\"collapseomatic\" id=\"id69d6289f893ae\"  tabindex=\"0\" title=\"\"><\/span><div id=\"target-id69d6289f893ae\" class=\"collapseomatic_content\">\n<ul class=\"\">\n<li>0% SLES, SLS<\/li>\n<li>0% PARAFINAS<\/li>\n<li>0% SULFATOS<\/li>\n<\/ul>\n<\/div><\/div>\n<div class=\"relative\">\n<p class=\"fs-20 line-title\">Ingredientes Clave<\/p>\n<span class=\"collapseomatic\" id=\"id69d6289f89499\"  tabindex=\"0\" title=\"\"><\/span><div id=\"target-id69d6289f89499\" class=\"collapseomatic_content\">\n<ul>\n<li>Aceite de Arg\u00e1n*<\/li>\n<li>Aceite de macadamia*<\/li>\n<li>Prote\u00ednas de seda<\/li>\n<p class='bio-collapse'>*de cultivos ecol\u00f3gicos<\/p>\n<\/ul>\n<\/div><\/div>\n<div class=\"relative\">\n<p class=\"fs-20 line-title\">M\u00e1s Informaci\u00f3n<\/p>\n<span class=\"collapseomatic\" id=\"id69d6289f894cd\"  tabindex=\"0\" title=\"\"><\/span><div id=\"target-id69d6289f894cd\" class=\"collapseomatic_content\">\n<p>Un alleato prezioso per ogni tipologia di capello. Filma e sigilla la cuticola svolgendo un&#8217;efficace azione antistatica e protettiva. Ideale per prevenire la formazione delle doppie punte, azzerare il crespo, e donare ai capelli un&#8217;intensa setosit\u00e0 e brillantezza, per una chioma visibilmente pi\u00f9 sana e vitale. Formulato con Olio di Argan da coltivazione biologica, Olio di Macadamia e Proteine della Seta dalle preziose virt\u00f9 rigeneranti, antiossidanti e protettive.<\/p>\n<\/div><\/div>\n<div class=\"relative\">\n<p class=\"fs-20 line-title\">Modo De Empleo<\/p>\n<span class=\"collapseomatic\" id=\"id69d6289f894fc\"  tabindex=\"0\" title=\"\"><\/span><div id=\"target-id69d6289f894fc\" class=\"collapseomatic_content\">\n<p>Dispensar unas gotas en la palma de la mano, seg\u00fan el tipo de cabello, y distribuir uniformemente por largos y puntas. Ideal tanto en cabello seco como mojado y secado con toalla.<\/p>\n<\/div><\/div>","protected":false},"excerpt":{"rendered":"<p>Olio d\u2019Argan trattamento intensivo per capelli devitalizzati e spenti Un vero e proprio \u201cElisir di Bellezza\u201d intenso e prezioso, ideale per capelli opachi, devitalizzati e sfibrati, sia naturali che trattati chimicamente. Dona un&#8217;eccezionale brillantezza e setosit\u00e0 ai capelli crespi, nutrendo in profondit\u00e0 i capelli pi\u00f9 secchi e indisciplinati. 100 ml \/ 30 ml Plus Prodotto [&hellip;]<\/p>\n","protected":false},"featured_media":4948,"template":"","meta":{"_acf_changed":false,"inline_featured_image":false},"product_brand":[],"product_cat":[17,20,48],"product_tag":[21],"class_list":{"0":"post-2757","1":"product","2":"type-product","3":"status-publish","4":"has-post-thumbnail","6":"product_cat-all","7":"product_cat-magic-arganoil","8":"product_cat-secret","9":"product_tag-secret","11":"first","12":"outofstock","13":"shipping-taxable","14":"purchasable","15":"product-type-simple"},"acf":[],"yoast_head":"<!-- This site is optimized with the Yoast SEO plugin v27.0 - https:\/\/yoast.com\/product\/yoast-seo-wordpress\/ -->\n<title>Absolute Oil - Nook<\/title>\n<meta name=\"robots\" content=\"index, follow, max-snippet:-1, max-image-preview:large, max-video-preview:-1\" \/>\n<link rel=\"canonical\" href=\"https:\/\/nookcosmetics.it\/es\/producto\/absolute-oil\/\" \/>\n<meta property=\"og:locale\" content=\"es_ES\" \/>\n<meta property=\"og:type\" content=\"article\" \/>\n<meta property=\"og:title\" content=\"Absolute Oil - Nook\" \/>\n<meta property=\"og:description\" content=\"Olio d\u2019Argan trattamento intensivo per capelli devitalizzati e spenti Un vero e proprio \u201cElisir di Bellezza\u201d intenso e prezioso, ideale per capelli opachi, devitalizzati e sfibrati, sia naturali che trattati chimicamente. Dona un&#8217;eccezionale brillantezza e setosit\u00e0 ai capelli crespi, nutrendo in profondit\u00e0 i capelli pi\u00f9 secchi e indisciplinati. 100 ml \/ 30 ml Plus Prodotto [&hellip;]\" \/>\n<meta property=\"og:url\" content=\"https:\/\/nookcosmetics.it\/es\/producto\/absolute-oil\/\" \/>\n<meta property=\"og:site_name\" content=\"Nook\" \/>\n<meta property=\"article:publisher\" content=\"https:\/\/www.facebook.com\/nookitaly\/\" \/>\n<meta property=\"article:modified_time\" content=\"2024-05-21T09:32:05+00:00\" \/>\n<meta property=\"og:image\" content=\"https:\/\/nookcosmetics.it\/wp-content\/uploads\/2024\/05\/1027587-1-scaled.jpg\" \/>\n\t<meta property=\"og:image:width\" content=\"1706\" \/>\n\t<meta property=\"og:image:height\" content=\"2560\" \/>\n\t<meta property=\"og:image:type\" content=\"image\/jpeg\" \/>\n<meta name=\"twitter:card\" content=\"summary_large_image\" \/>\n<meta name=\"twitter:label1\" content=\"Tiempo de lectura\" \/>\n\t<meta name=\"twitter:data1\" content=\"1 minuto\" \/>\n<script type=\"application\/ld+json\" class=\"yoast-schema-graph\">{\"@context\":\"https:\/\/schema.org\",\"@graph\":[{\"@type\":\"WebPage\",\"@id\":\"https:\/\/nookcosmetics.it\/prodotto\/absolute-oil\/\",\"url\":\"https:\/\/nookcosmetics.it\/prodotto\/absolute-oil\/\",\"name\":\"Absolute Oil - Nook\",\"isPartOf\":{\"@id\":\"https:\/\/nookcosmetics.it\/#website\"},\"primaryImageOfPage\":{\"@id\":\"https:\/\/nookcosmetics.it\/prodotto\/absolute-oil\/#primaryimage\"},\"image\":{\"@id\":\"https:\/\/nookcosmetics.it\/prodotto\/absolute-oil\/#primaryimage\"},\"thumbnailUrl\":\"https:\/\/nookcosmetics.it\/wp-content\/uploads\/2024\/05\/1027587-1-scaled.jpg\",\"datePublished\":\"2024-05-02T08:10:13+00:00\",\"dateModified\":\"2024-05-21T09:32:05+00:00\",\"breadcrumb\":{\"@id\":\"https:\/\/nookcosmetics.it\/prodotto\/absolute-oil\/#breadcrumb\"},\"inLanguage\":\"es\",\"potentialAction\":[{\"@type\":\"ReadAction\",\"target\":[\"https:\/\/nookcosmetics.it\/prodotto\/absolute-oil\/\"]}]},{\"@type\":\"ImageObject\",\"inLanguage\":\"es\",\"@id\":\"https:\/\/nookcosmetics.it\/prodotto\/absolute-oil\/#primaryimage\",\"url\":\"https:\/\/nookcosmetics.it\/wp-content\/uploads\/2024\/05\/1027587-1-scaled.jpg\",\"contentUrl\":\"https:\/\/nookcosmetics.it\/wp-content\/uploads\/2024\/05\/1027587-1-scaled.jpg\",\"width\":1706,\"height\":2560},{\"@type\":\"BreadcrumbList\",\"@id\":\"https:\/\/nookcosmetics.it\/prodotto\/absolute-oil\/#breadcrumb\",\"itemListElement\":[{\"@type\":\"ListItem\",\"position\":1,\"name\":\"Home\",\"item\":\"https:\/\/nookcosmetics.it\/\"},{\"@type\":\"ListItem\",\"position\":2,\"name\":\"Absolute Oil\"}]},{\"@type\":\"WebSite\",\"@id\":\"https:\/\/nookcosmetics.it\/#website\",\"url\":\"https:\/\/nookcosmetics.it\/\",\"name\":\"Nook Cosmetics\",\"description\":\"Crediamo nella bellezza della semplicit\u00e0, nell\u2019armonia degli elementi, nell\u2019equilibrio della natura\",\"publisher\":{\"@id\":\"https:\/\/nookcosmetics.it\/#organization\"},\"alternateName\":\"Nook Cosmetics\",\"potentialAction\":[{\"@type\":\"SearchAction\",\"target\":{\"@type\":\"EntryPoint\",\"urlTemplate\":\"https:\/\/nookcosmetics.it\/?s={search_term_string}\"},\"query-input\":{\"@type\":\"PropertyValueSpecification\",\"valueRequired\":true,\"valueName\":\"search_term_string\"}}],\"inLanguage\":\"es\"},{\"@type\":\"Organization\",\"@id\":\"https:\/\/nookcosmetics.it\/#organization\",\"name\":\"Nook Cosmetics\",\"alternateName\":\"Nook Cosmetics\",\"url\":\"https:\/\/nookcosmetics.it\/\",\"logo\":{\"@type\":\"ImageObject\",\"inLanguage\":\"es\",\"@id\":\"https:\/\/nookcosmetics.it\/#\/schema\/logo\/image\/\",\"url\":\"https:\/\/nookcosmetics.it\/wp-content\/uploads\/2023\/12\/LOGO-NOOK-01.svg\",\"contentUrl\":\"https:\/\/nookcosmetics.it\/wp-content\/uploads\/2023\/12\/LOGO-NOOK-01.svg\",\"width\":1,\"height\":1,\"caption\":\"Nook Cosmetics\"},\"image\":{\"@id\":\"https:\/\/nookcosmetics.it\/#\/schema\/logo\/image\/\"},\"sameAs\":[\"https:\/\/www.facebook.com\/nookitaly\/\",\"https:\/\/www.instagram.com\/nook_italy?igsh=dGF4ZDZhZHNqOWNj\",\"https:\/\/open.spotify.com\/user\/xle0uiwswkyv64wg355xqn1q3?si=c820e61a855848b5&nd=1&dlsi=4e3d74ee010547b8\"]}]}<\/script>\n<!-- \/ Yoast SEO plugin. -->","yoast_head_json":{"title":"Absolute Oil - Nook","robots":{"index":"index","follow":"follow","max-snippet":"max-snippet:-1","max-image-preview":"max-image-preview:large","max-video-preview":"max-video-preview:-1"},"canonical":"https:\/\/nookcosmetics.it\/es\/producto\/absolute-oil\/","og_locale":"es_ES","og_type":"article","og_title":"Absolute Oil - Nook","og_description":"Olio d\u2019Argan trattamento intensivo per capelli devitalizzati e spenti Un vero e proprio \u201cElisir di Bellezza\u201d intenso e prezioso, ideale per capelli opachi, devitalizzati e sfibrati, sia naturali che trattati chimicamente. Dona un&#8217;eccezionale brillantezza e setosit\u00e0 ai capelli crespi, nutrendo in profondit\u00e0 i capelli pi\u00f9 secchi e indisciplinati. 100 ml \/ 30 ml Plus Prodotto [&hellip;]","og_url":"https:\/\/nookcosmetics.it\/es\/producto\/absolute-oil\/","og_site_name":"Nook","article_publisher":"https:\/\/www.facebook.com\/nookitaly\/","article_modified_time":"2024-05-21T09:32:05+00:00","og_image":[{"width":1706,"height":2560,"url":"https:\/\/nookcosmetics.it\/wp-content\/uploads\/2024\/05\/1027587-1-scaled.jpg","type":"image\/jpeg"}],"twitter_card":"summary_large_image","twitter_misc":{"Tiempo de lectura":"1 minuto"},"schema":{"@context":"https:\/\/schema.org","@graph":[{"@type":"WebPage","@id":"https:\/\/nookcosmetics.it\/prodotto\/absolute-oil\/","url":"https:\/\/nookcosmetics.it\/prodotto\/absolute-oil\/","name":"Absolute Oil - Nook","isPartOf":{"@id":"https:\/\/nookcosmetics.it\/#website"},"primaryImageOfPage":{"@id":"https:\/\/nookcosmetics.it\/prodotto\/absolute-oil\/#primaryimage"},"image":{"@id":"https:\/\/nookcosmetics.it\/prodotto\/absolute-oil\/#primaryimage"},"thumbnailUrl":"https:\/\/nookcosmetics.it\/wp-content\/uploads\/2024\/05\/1027587-1-scaled.jpg","datePublished":"2024-05-02T08:10:13+00:00","dateModified":"2024-05-21T09:32:05+00:00","breadcrumb":{"@id":"https:\/\/nookcosmetics.it\/prodotto\/absolute-oil\/#breadcrumb"},"inLanguage":"es","potentialAction":[{"@type":"ReadAction","target":["https:\/\/nookcosmetics.it\/prodotto\/absolute-oil\/"]}]},{"@type":"ImageObject","inLanguage":"es","@id":"https:\/\/nookcosmetics.it\/prodotto\/absolute-oil\/#primaryimage","url":"https:\/\/nookcosmetics.it\/wp-content\/uploads\/2024\/05\/1027587-1-scaled.jpg","contentUrl":"https:\/\/nookcosmetics.it\/wp-content\/uploads\/2024\/05\/1027587-1-scaled.jpg","width":1706,"height":2560},{"@type":"BreadcrumbList","@id":"https:\/\/nookcosmetics.it\/prodotto\/absolute-oil\/#breadcrumb","itemListElement":[{"@type":"ListItem","position":1,"name":"Home","item":"https:\/\/nookcosmetics.it\/"},{"@type":"ListItem","position":2,"name":"Absolute Oil"}]},{"@type":"WebSite","@id":"https:\/\/nookcosmetics.it\/#website","url":"https:\/\/nookcosmetics.it\/","name":"Nook Cosmetics","description":"Crediamo nella bellezza della semplicit\u00e0, nell\u2019armonia degli elementi, nell\u2019equilibrio della natura","publisher":{"@id":"https:\/\/nookcosmetics.it\/#organization"},"alternateName":"Nook Cosmetics","potentialAction":[{"@type":"SearchAction","target":{"@type":"EntryPoint","urlTemplate":"https:\/\/nookcosmetics.it\/?s={search_term_string}"},"query-input":{"@type":"PropertyValueSpecification","valueRequired":true,"valueName":"search_term_string"}}],"inLanguage":"es"},{"@type":"Organization","@id":"https:\/\/nookcosmetics.it\/#organization","name":"Nook Cosmetics","alternateName":"Nook Cosmetics","url":"https:\/\/nookcosmetics.it\/","logo":{"@type":"ImageObject","inLanguage":"es","@id":"https:\/\/nookcosmetics.it\/#\/schema\/logo\/image\/","url":"https:\/\/nookcosmetics.it\/wp-content\/uploads\/2023\/12\/LOGO-NOOK-01.svg","contentUrl":"https:\/\/nookcosmetics.it\/wp-content\/uploads\/2023\/12\/LOGO-NOOK-01.svg","width":1,"height":1,"caption":"Nook Cosmetics"},"image":{"@id":"https:\/\/nookcosmetics.it\/#\/schema\/logo\/image\/"},"sameAs":["https:\/\/www.facebook.com\/nookitaly\/","https:\/\/www.instagram.com\/nook_italy?igsh=dGF4ZDZhZHNqOWNj","https:\/\/open.spotify.com\/user\/xle0uiwswkyv64wg355xqn1q3?si=c820e61a855848b5&nd=1&dlsi=4e3d74ee010547b8"]}]}},"_links":{"self":[{"href":"https:\/\/nookcosmetics.it\/es\/wp-json\/wp\/v2\/product\/2757","targetHints":{"allow":["GET"]}}],"collection":[{"href":"https:\/\/nookcosmetics.it\/es\/wp-json\/wp\/v2\/product"}],"about":[{"href":"https:\/\/nookcosmetics.it\/es\/wp-json\/wp\/v2\/types\/product"}],"wp:featuredmedia":[{"embeddable":true,"href":"https:\/\/nookcosmetics.it\/es\/wp-json\/wp\/v2\/media\/4948"}],"wp:attachment":[{"href":"https:\/\/nookcosmetics.it\/es\/wp-json\/wp\/v2\/media?parent=2757"}],"wp:term":[{"taxonomy":"product_brand","embeddable":true,"href":"https:\/\/nookcosmetics.it\/es\/wp-json\/wp\/v2\/product_brand?post=2757"},{"taxonomy":"product_cat","embeddable":true,"href":"https:\/\/nookcosmetics.it\/es\/wp-json\/wp\/v2\/product_cat?post=2757"},{"taxonomy":"product_tag","embeddable":true,"href":"https:\/\/nookcosmetics.it\/es\/wp-json\/wp\/v2\/product_tag?post=2757"}],"curies":[{"name":"wp","href":"https:\/\/api.w.org\/{rel}","templated":true}]}}