{"id":15135,"date":"2024-10-03T16:24:21","date_gmt":"2024-10-03T14:24:21","guid":{"rendered":"https:\/\/nookcosmetics.it\/prodotto\/revitalizing-well-being-shampoo\/"},"modified":"2024-10-15T15:30:21","modified_gmt":"2024-10-15T13:30:21","slug":"revitalizing-well-being-shampoo","status":"publish","type":"product","link":"https:\/\/nookcosmetics.it\/es\/producto\/revitalizing-well-being-shampoo\/","title":{"rendered":"Revitalizing Well-being Shampoo"},"content":{"rendered":"<p class=\"fw-bold uppercase fs-24 c-green line-bf\">\n<\/p><p class=\"fw-bold mt-25 fs-48 playfair\">Revitalizing Well-being Shampoo\n<\/p><p class=\"text-left fs-20 mt-15\">Champ\u00fa revitalizante, bienestar diario para todo tipo de cabellos<\/p>\n<p class=\"mt-25 mb-10 fs-15\">Ideal para todo tipo de cabellos, contribuye a brindar al cabello un aspecto sano y vital incluso en caso de lavados diarios o frecuentes. Limpia con delicadeza, contribuyendo a mantener el cabello vaporoso y ligero.<\/p>\n<p class='mb-50'>250 ml \/ 1000 ml<\/p>\n<div class=\"relative\">\n<p class=\"fs-20 line-title-first\">Plus Producto<\/p>\n<span class=\"collapseomatic\" id=\"id69e5feb368aaa\"  tabindex=\"0\" title=\"\"><\/span><div id=\"target-id69e5feb368aaa\" class=\"collapseomatic_content\">\n<ul class=\"\">\n<li>0% SLES, SLS<\/li>\n<li>0% COLORANTES ARTIFICIALES<\/li>\n<li>0% SILICONAS<\/li>\n<li>0% PARAFINAS<\/li>\n<li>0% PETROLATI<\/li>\n<li>0% MIT\/CMIT<\/li>\n<li>0% MEA<\/li>\n<li>0% GLUTEN**<\/li>\n<li>F\u00d3RMULA VEGANA<\/li>\n<li>METAL TESTADO Ni-Cr-Co < 1 PPM<\/li>\n<li>&gt;90% INGREDIENTES DE ORIGEN NATURAL (ISO16128)<\/li>\n<li class=\"bio-collapse\">** para personas con hipersensibilidad cut\u00e1nea al gluten<\/li>\n<\/ul>\n<\/div><\/div>\n<div class=\"relative\">\n<p class=\"fs-20 line-title\">Ingredientes Clave<\/p>\n<span class=\"collapseomatic\" id=\"id69e5feb368b52\"  tabindex=\"0\" title=\"\"><\/span><div id=\"target-id69e5feb368b52\" class=\"collapseomatic_content\">\n<ul>\n<li>Extracto fermentado de Jengibre*<\/li>\n<li>Extracto fermentado de Pepino*<\/li>\n<li class=\"bio-collapse\">*de cultivos ecol\u00f3gicos<\/li>\n<\/ul>\n<\/div><\/div>\n<div class=\"relative\">\n<p class=\"fs-20 line-title\">M\u00e1s Informaci\u00f3n<\/p>\n<span class=\"collapseomatic\" id=\"id69e5feb368b78\"  tabindex=\"0\" title=\"\"><\/span><div id=\"target-id69e5feb368b78\" class=\"collapseomatic_content\">\n<p>La familia comfort est\u00e1 dedicada a la limpieza y acondicionamiento de todo tipo de cabellos. Indicado para quienes tienen la necesidad o el h\u00e1bito de lavarse el cabello a diario o con mucha frecuencia. Su formulaci\u00f3n suave y delicada proporciona equilibrio y vitalidad al cuero cabelludo y al cabello, favoreciendo la hidrataci\u00f3n, la elasticidad y el bienestar general. Tonifica, protege e hidrata sin apelmazar, proporcionando suavidad y luminosidad.\nCon extractos fermentados de Jengibre y Pepino.<\/p>\n<\/div><\/div>\n<div class=\"relative\">\n<p class=\"fs-20 line-title\">Modo De Empleo<\/p>\n<span class=\"collapseomatic\" id=\"id69e5feb368b98\"  tabindex=\"0\" title=\"\"><\/span><div id=\"target-id69e5feb368b98\" class=\"collapseomatic_content\">\n<p>Distribuir en el cabello mojado con un ligero masaje hasta obtener una suave espuma, dejar actuar un instante y luego enjuagar de forma responsable.<\/p>\n<\/div><\/div>","protected":false},"excerpt":{"rendered":"<p>Shampoo rivitalizzante benessere quotidiano per tutti i tipi di capelli Ideale per tutti i tipi di capelli, aiuta a donare ai capelli un aspetto sano e vitale anche in caso di lavaggi quotidiani o frequenti. Deterge con dolcezza, aiutando a mantenere i capelli soffici e leggeri. 250 ml \/ 1000 ml Plus Prodotto Ingredienti Chiave [&hellip;]<\/p>\n","protected":false},"featured_media":15475,"template":"","meta":{"_acf_changed":false,"inline_featured_image":false},"product_brand":[],"product_cat":[17,22,61],"product_tag":[],"class_list":{"0":"post-15135","1":"product","2":"type-product","3":"status-publish","4":"has-post-thumbnail","6":"product_cat-all","7":"product_cat-beauty-family-organic","8":"product_cat-comfort","10":"first","11":"outofstock","12":"shipping-taxable","13":"purchasable","14":"product-type-simple"},"acf":[],"yoast_head":"<!-- This site is optimized with the Yoast SEO plugin v27.0 - https:\/\/yoast.com\/product\/yoast-seo-wordpress\/ -->\n<title>Revitalizing Well-being Shampoo - Nook<\/title>\n<meta name=\"robots\" content=\"index, follow, max-snippet:-1, max-image-preview:large, max-video-preview:-1\" \/>\n<link rel=\"canonical\" href=\"https:\/\/nookcosmetics.it\/es\/producto\/revitalizing-well-being-shampoo\/\" \/>\n<meta property=\"og:locale\" content=\"es_ES\" \/>\n<meta property=\"og:type\" content=\"article\" \/>\n<meta property=\"og:title\" content=\"Revitalizing Well-being Shampoo - Nook\" \/>\n<meta property=\"og:description\" content=\"Shampoo rivitalizzante benessere quotidiano per tutti i tipi di capelli Ideale per tutti i tipi di capelli, aiuta a donare ai capelli un aspetto sano e vitale anche in caso di lavaggi quotidiani o frequenti. Deterge con dolcezza, aiutando a mantenere i capelli soffici e leggeri. 250 ml \/ 1000 ml Plus Prodotto Ingredienti Chiave [&hellip;]\" \/>\n<meta property=\"og:url\" content=\"https:\/\/nookcosmetics.it\/es\/producto\/revitalizing-well-being-shampoo\/\" \/>\n<meta property=\"og:site_name\" content=\"Nook\" \/>\n<meta property=\"article:publisher\" content=\"https:\/\/www.facebook.com\/nookitaly\/\" \/>\n<meta property=\"article:modified_time\" content=\"2024-10-15T13:30:21+00:00\" \/>\n<meta property=\"og:image\" content=\"https:\/\/nookcosmetics.it\/wp-content\/uploads\/2024\/10\/1029098_1.jpg\" \/>\n\t<meta property=\"og:image:width\" content=\"1333\" \/>\n\t<meta property=\"og:image:height\" content=\"2000\" \/>\n\t<meta property=\"og:image:type\" content=\"image\/jpeg\" \/>\n<meta name=\"twitter:card\" content=\"summary_large_image\" \/>\n<meta name=\"twitter:label1\" content=\"Tiempo de lectura\" \/>\n\t<meta name=\"twitter:data1\" content=\"2 minutos\" \/>\n<script type=\"application\/ld+json\" class=\"yoast-schema-graph\">{\"@context\":\"https:\/\/schema.org\",\"@graph\":[{\"@type\":\"WebPage\",\"@id\":\"https:\/\/nookcosmetics.it\/prodotto\/revitalizing-well-being-shampoo\/\",\"url\":\"https:\/\/nookcosmetics.it\/prodotto\/revitalizing-well-being-shampoo\/\",\"name\":\"Revitalizing Well-being Shampoo - Nook\",\"isPartOf\":{\"@id\":\"https:\/\/nookcosmetics.it\/#website\"},\"primaryImageOfPage\":{\"@id\":\"https:\/\/nookcosmetics.it\/prodotto\/revitalizing-well-being-shampoo\/#primaryimage\"},\"image\":{\"@id\":\"https:\/\/nookcosmetics.it\/prodotto\/revitalizing-well-being-shampoo\/#primaryimage\"},\"thumbnailUrl\":\"https:\/\/nookcosmetics.it\/wp-content\/uploads\/2024\/10\/1029098_1.jpg\",\"datePublished\":\"2024-10-03T14:24:21+00:00\",\"dateModified\":\"2024-10-15T13:30:21+00:00\",\"breadcrumb\":{\"@id\":\"https:\/\/nookcosmetics.it\/prodotto\/revitalizing-well-being-shampoo\/#breadcrumb\"},\"inLanguage\":\"es\",\"potentialAction\":[{\"@type\":\"ReadAction\",\"target\":[\"https:\/\/nookcosmetics.it\/prodotto\/revitalizing-well-being-shampoo\/\"]}]},{\"@type\":\"ImageObject\",\"inLanguage\":\"es\",\"@id\":\"https:\/\/nookcosmetics.it\/prodotto\/revitalizing-well-being-shampoo\/#primaryimage\",\"url\":\"https:\/\/nookcosmetics.it\/wp-content\/uploads\/2024\/10\/1029098_1.jpg\",\"contentUrl\":\"https:\/\/nookcosmetics.it\/wp-content\/uploads\/2024\/10\/1029098_1.jpg\",\"width\":1333,\"height\":2000},{\"@type\":\"BreadcrumbList\",\"@id\":\"https:\/\/nookcosmetics.it\/prodotto\/revitalizing-well-being-shampoo\/#breadcrumb\",\"itemListElement\":[{\"@type\":\"ListItem\",\"position\":1,\"name\":\"Home\",\"item\":\"https:\/\/nookcosmetics.it\/\"},{\"@type\":\"ListItem\",\"position\":2,\"name\":\"Revitalizing Well-being Shampoo\"}]},{\"@type\":\"WebSite\",\"@id\":\"https:\/\/nookcosmetics.it\/#website\",\"url\":\"https:\/\/nookcosmetics.it\/\",\"name\":\"Nook Cosmetics\",\"description\":\"Crediamo nella bellezza della semplicit\u00e0, nell\u2019armonia degli elementi, nell\u2019equilibrio della natura\",\"publisher\":{\"@id\":\"https:\/\/nookcosmetics.it\/#organization\"},\"alternateName\":\"Nook Cosmetics\",\"potentialAction\":[{\"@type\":\"SearchAction\",\"target\":{\"@type\":\"EntryPoint\",\"urlTemplate\":\"https:\/\/nookcosmetics.it\/?s={search_term_string}\"},\"query-input\":{\"@type\":\"PropertyValueSpecification\",\"valueRequired\":true,\"valueName\":\"search_term_string\"}}],\"inLanguage\":\"es\"},{\"@type\":\"Organization\",\"@id\":\"https:\/\/nookcosmetics.it\/#organization\",\"name\":\"Nook Cosmetics\",\"alternateName\":\"Nook Cosmetics\",\"url\":\"https:\/\/nookcosmetics.it\/\",\"logo\":{\"@type\":\"ImageObject\",\"inLanguage\":\"es\",\"@id\":\"https:\/\/nookcosmetics.it\/#\/schema\/logo\/image\/\",\"url\":\"https:\/\/nookcosmetics.it\/wp-content\/uploads\/2023\/12\/LOGO-NOOK-01.svg\",\"contentUrl\":\"https:\/\/nookcosmetics.it\/wp-content\/uploads\/2023\/12\/LOGO-NOOK-01.svg\",\"width\":1,\"height\":1,\"caption\":\"Nook Cosmetics\"},\"image\":{\"@id\":\"https:\/\/nookcosmetics.it\/#\/schema\/logo\/image\/\"},\"sameAs\":[\"https:\/\/www.facebook.com\/nookitaly\/\",\"https:\/\/www.instagram.com\/nook_italy?igsh=dGF4ZDZhZHNqOWNj\",\"https:\/\/open.spotify.com\/user\/xle0uiwswkyv64wg355xqn1q3?si=c820e61a855848b5&nd=1&dlsi=4e3d74ee010547b8\"]}]}<\/script>\n<!-- \/ Yoast SEO plugin. -->","yoast_head_json":{"title":"Revitalizing Well-being Shampoo - Nook","robots":{"index":"index","follow":"follow","max-snippet":"max-snippet:-1","max-image-preview":"max-image-preview:large","max-video-preview":"max-video-preview:-1"},"canonical":"https:\/\/nookcosmetics.it\/es\/producto\/revitalizing-well-being-shampoo\/","og_locale":"es_ES","og_type":"article","og_title":"Revitalizing Well-being Shampoo - Nook","og_description":"Shampoo rivitalizzante benessere quotidiano per tutti i tipi di capelli Ideale per tutti i tipi di capelli, aiuta a donare ai capelli un aspetto sano e vitale anche in caso di lavaggi quotidiani o frequenti. Deterge con dolcezza, aiutando a mantenere i capelli soffici e leggeri. 250 ml \/ 1000 ml Plus Prodotto Ingredienti Chiave [&hellip;]","og_url":"https:\/\/nookcosmetics.it\/es\/producto\/revitalizing-well-being-shampoo\/","og_site_name":"Nook","article_publisher":"https:\/\/www.facebook.com\/nookitaly\/","article_modified_time":"2024-10-15T13:30:21+00:00","og_image":[{"width":1333,"height":2000,"url":"https:\/\/nookcosmetics.it\/wp-content\/uploads\/2024\/10\/1029098_1.jpg","type":"image\/jpeg"}],"twitter_card":"summary_large_image","twitter_misc":{"Tiempo de lectura":"2 minutos"},"schema":{"@context":"https:\/\/schema.org","@graph":[{"@type":"WebPage","@id":"https:\/\/nookcosmetics.it\/prodotto\/revitalizing-well-being-shampoo\/","url":"https:\/\/nookcosmetics.it\/prodotto\/revitalizing-well-being-shampoo\/","name":"Revitalizing Well-being Shampoo - Nook","isPartOf":{"@id":"https:\/\/nookcosmetics.it\/#website"},"primaryImageOfPage":{"@id":"https:\/\/nookcosmetics.it\/prodotto\/revitalizing-well-being-shampoo\/#primaryimage"},"image":{"@id":"https:\/\/nookcosmetics.it\/prodotto\/revitalizing-well-being-shampoo\/#primaryimage"},"thumbnailUrl":"https:\/\/nookcosmetics.it\/wp-content\/uploads\/2024\/10\/1029098_1.jpg","datePublished":"2024-10-03T14:24:21+00:00","dateModified":"2024-10-15T13:30:21+00:00","breadcrumb":{"@id":"https:\/\/nookcosmetics.it\/prodotto\/revitalizing-well-being-shampoo\/#breadcrumb"},"inLanguage":"es","potentialAction":[{"@type":"ReadAction","target":["https:\/\/nookcosmetics.it\/prodotto\/revitalizing-well-being-shampoo\/"]}]},{"@type":"ImageObject","inLanguage":"es","@id":"https:\/\/nookcosmetics.it\/prodotto\/revitalizing-well-being-shampoo\/#primaryimage","url":"https:\/\/nookcosmetics.it\/wp-content\/uploads\/2024\/10\/1029098_1.jpg","contentUrl":"https:\/\/nookcosmetics.it\/wp-content\/uploads\/2024\/10\/1029098_1.jpg","width":1333,"height":2000},{"@type":"BreadcrumbList","@id":"https:\/\/nookcosmetics.it\/prodotto\/revitalizing-well-being-shampoo\/#breadcrumb","itemListElement":[{"@type":"ListItem","position":1,"name":"Home","item":"https:\/\/nookcosmetics.it\/"},{"@type":"ListItem","position":2,"name":"Revitalizing Well-being Shampoo"}]},{"@type":"WebSite","@id":"https:\/\/nookcosmetics.it\/#website","url":"https:\/\/nookcosmetics.it\/","name":"Nook Cosmetics","description":"Crediamo nella bellezza della semplicit\u00e0, nell\u2019armonia degli elementi, nell\u2019equilibrio della natura","publisher":{"@id":"https:\/\/nookcosmetics.it\/#organization"},"alternateName":"Nook Cosmetics","potentialAction":[{"@type":"SearchAction","target":{"@type":"EntryPoint","urlTemplate":"https:\/\/nookcosmetics.it\/?s={search_term_string}"},"query-input":{"@type":"PropertyValueSpecification","valueRequired":true,"valueName":"search_term_string"}}],"inLanguage":"es"},{"@type":"Organization","@id":"https:\/\/nookcosmetics.it\/#organization","name":"Nook Cosmetics","alternateName":"Nook Cosmetics","url":"https:\/\/nookcosmetics.it\/","logo":{"@type":"ImageObject","inLanguage":"es","@id":"https:\/\/nookcosmetics.it\/#\/schema\/logo\/image\/","url":"https:\/\/nookcosmetics.it\/wp-content\/uploads\/2023\/12\/LOGO-NOOK-01.svg","contentUrl":"https:\/\/nookcosmetics.it\/wp-content\/uploads\/2023\/12\/LOGO-NOOK-01.svg","width":1,"height":1,"caption":"Nook Cosmetics"},"image":{"@id":"https:\/\/nookcosmetics.it\/#\/schema\/logo\/image\/"},"sameAs":["https:\/\/www.facebook.com\/nookitaly\/","https:\/\/www.instagram.com\/nook_italy?igsh=dGF4ZDZhZHNqOWNj","https:\/\/open.spotify.com\/user\/xle0uiwswkyv64wg355xqn1q3?si=c820e61a855848b5&nd=1&dlsi=4e3d74ee010547b8"]}]}},"_links":{"self":[{"href":"https:\/\/nookcosmetics.it\/es\/wp-json\/wp\/v2\/product\/15135","targetHints":{"allow":["GET"]}}],"collection":[{"href":"https:\/\/nookcosmetics.it\/es\/wp-json\/wp\/v2\/product"}],"about":[{"href":"https:\/\/nookcosmetics.it\/es\/wp-json\/wp\/v2\/types\/product"}],"wp:featuredmedia":[{"embeddable":true,"href":"https:\/\/nookcosmetics.it\/es\/wp-json\/wp\/v2\/media\/15475"}],"wp:attachment":[{"href":"https:\/\/nookcosmetics.it\/es\/wp-json\/wp\/v2\/media?parent=15135"}],"wp:term":[{"taxonomy":"product_brand","embeddable":true,"href":"https:\/\/nookcosmetics.it\/es\/wp-json\/wp\/v2\/product_brand?post=15135"},{"taxonomy":"product_cat","embeddable":true,"href":"https:\/\/nookcosmetics.it\/es\/wp-json\/wp\/v2\/product_cat?post=15135"},{"taxonomy":"product_tag","embeddable":true,"href":"https:\/\/nookcosmetics.it\/es\/wp-json\/wp\/v2\/product_tag?post=15135"}],"curies":[{"name":"wp","href":"https:\/\/api.w.org\/{rel}","templated":true}]}}