{"id":15131,"date":"2024-10-03T16:24:20","date_gmt":"2024-10-03T14:24:20","guid":{"rendered":"https:\/\/nookcosmetics.it\/prodotto\/reinforcing-treatment-hair-cream-leave-in\/"},"modified":"2024-10-15T15:29:03","modified_gmt":"2024-10-15T13:29:03","slug":"reinforcing-treatment-hair-cream-leave-in","status":"publish","type":"product","link":"https:\/\/nookcosmetics.it\/es\/producto\/reinforcing-treatment-hair-cream-leave-in\/","title":{"rendered":"Reinforcing Treatment Hair Cream -LEAVE IN"},"content":{"rendered":"<p class=\"fw-bold uppercase fs-24 c-green line-bf\">\n<\/p><p class=\"fw-bold mt-25 fs-48 playfair\">Reinforcing Treatment Hair Cream -LEAVE IN\n<\/p><p class=\"text-left fs-20 mt-15\">Crema fluida corporizante para cabellos resecos y estropeados \u2013 sin enjuague<\/p>\n<p class=\"mt-25 mb-10 fs-15\">Suave y cremosa, crea una pel\u00edcula que envuelve el tallo capilar, contribuyendo a proteger y fortalecer medios y puntas. Aporta esplendor y sedosidad al cabello sin apelmazarlo. Contribuye a mejorar el aspecto de los cabellos muy secos.<\/p>\n<p class='mb-50'>125 ml<\/p>\n<div class=\"relative\">\n<p class=\"fs-20 line-title-first\">Plus Producto<\/p>\n<span class=\"collapseomatic\" id=\"id69e69c7aa1392\"  tabindex=\"0\" title=\"\"><\/span><div id=\"target-id69e69c7aa1392\" class=\"collapseomatic_content\">\n<ul class=\"\">\n<li>0% SLES, SLS<\/li>\n<li>0% COLORANTES ARTIFICIALES<\/li>\n<li>0% SILICONAS<\/li>\n<li>0% SULFATOS<\/li>\n<li>0% PARAFINAS<\/li>\n<li>0% PETROLATI<\/li>\n<li>0% MIT\/CMIT<\/li>\n<li>0% MEA<\/li>\n<li>0% GLUTEN**<\/li>\n<li>F\u00d3RMULA VEGANA<\/li>\n<li>METAL TESTADO Ni-Cr-Co < 1 PPM<\/li>\n<li>&gt;90% INGREDIENTES DE ORIGEN NATURAL (ISO16128)<\/li>\n<li class=\"bio-collapse\">** para personas con hipersensibilidad cut\u00e1nea al gluten<\/li>\n<\/ul>\n<\/div><\/div>\n<div class=\"relative\">\n<p class=\"fs-20 line-title\">Ingredientes Clave<\/p>\n<span class=\"collapseomatic\" id=\"id69e69c7aa1462\"  tabindex=\"0\" title=\"\"><\/span><div id=\"target-id69e69c7aa1462\" class=\"collapseomatic_content\">\n<ul>\n<li>Bioliquefacto de Uva Tinta*<\/li>\n<li>Aceite de Nuez*<\/li>\n<li class=\"bio-collapse\">*de cultivos ecol\u00f3gicos<\/li>\n<\/ul>\n<\/div><\/div>\n<div class=\"relative\">\n<p class=\"fs-20 line-title\">M\u00e1s Informaci\u00f3n<\/p>\n<span class=\"collapseomatic\" id=\"id69e69c7aa149e\"  tabindex=\"0\" title=\"\"><\/span><div id=\"target-id69e69c7aa149e\" class=\"collapseomatic_content\">\n<p>La familia ageless es adecuada para la rutina de belleza del cabello seco y quebradizo da\u00f1ado por el estr\u00e9s t\u00e9rmico, mec\u00e1nico y qu\u00edmico. Mantiene una hidrataci\u00f3n \u00f3ptima incluso cuando el cabello se somete a tratamientos altamente estresantes, evitando la p\u00e9rdida de agua tanto en cabellos sanos como da\u00f1ados. Nutre y regenera el cabello, aportando brillo, fuerza y suavidad.\nCon aceite de Nuez y biolicuado de Uva Roja ambos de cultivo ecol\u00f3gico.<\/p>\n<\/div><\/div>\n<div class=\"relative\">\n<p class=\"fs-20 line-title\">Modo De Empleo<\/p>\n<span class=\"collapseomatic\" id=\"id69e69c7aa14d4\"  tabindex=\"0\" title=\"\"><\/span><div id=\"target-id69e69c7aa14d4\" class=\"collapseomatic_content\">\n<p>Distribuir en el cabello h\u00famedo antes del secado, peinar y proceder al styling. En el cabello seco, una o dos pulsaciones para hidratar medios y puntas. No enjuagar.<\/p>\n<\/div><\/div>","protected":false},"excerpt":{"rendered":"<p>Crema fluida corporizzante per capelli aridi e sfruttati Soffice e cremosa, filma ed avvolge lo stelo contribuendo a proteggere e rendere pi\u00f9 resistenti lunghezze e punte. Dona lucentezza e setosit\u00e0 alla chioma senza appesantire. Contribuisce a migliorare l&#8217;aspetto dei capelli molto secchi. 125 ml Plus Prodotto Ingredienti Chiave Maggiori Info Modalit\u00e0 D&#8217;uso<\/p>","protected":false},"featured_media":15472,"template":"","meta":{"_acf_changed":false,"inline_featured_image":false},"product_brand":[],"product_cat":[17,58,22],"product_tag":[],"class_list":{"0":"post-15131","1":"product","2":"type-product","3":"status-publish","4":"has-post-thumbnail","6":"product_cat-all","7":"product_cat-ageless","8":"product_cat-beauty-family-organic","10":"first","11":"outofstock","12":"shipping-taxable","13":"purchasable","14":"product-type-simple"},"acf":[],"yoast_head":"<!-- This site is optimized with the Yoast SEO plugin v27.0 - https:\/\/yoast.com\/product\/yoast-seo-wordpress\/ -->\n<title>Reinforcing Treatment Hair Cream -LEAVE IN - Nook<\/title>\n<meta name=\"robots\" content=\"index, follow, max-snippet:-1, max-image-preview:large, max-video-preview:-1\" \/>\n<link rel=\"canonical\" href=\"https:\/\/nookcosmetics.it\/es\/producto\/reinforcing-treatment-hair-cream-leave-in\/\" \/>\n<meta property=\"og:locale\" content=\"es_ES\" \/>\n<meta property=\"og:type\" content=\"article\" \/>\n<meta property=\"og:title\" content=\"Reinforcing Treatment Hair Cream -LEAVE IN - Nook\" \/>\n<meta property=\"og:description\" content=\"Crema fluida corporizzante per capelli aridi e sfruttati Soffice e cremosa, filma ed avvolge lo stelo contribuendo a proteggere e rendere pi\u00f9 resistenti lunghezze e punte. Dona lucentezza e setosit\u00e0 alla chioma senza appesantire. Contribuisce a migliorare l&#8217;aspetto dei capelli molto secchi. 125 ml Plus Prodotto Ingredienti Chiave Maggiori Info Modalit\u00e0 D&#8217;uso\" \/>\n<meta property=\"og:url\" content=\"https:\/\/nookcosmetics.it\/es\/producto\/reinforcing-treatment-hair-cream-leave-in\/\" \/>\n<meta property=\"og:site_name\" content=\"Nook\" \/>\n<meta property=\"article:publisher\" content=\"https:\/\/www.facebook.com\/nookitaly\/\" \/>\n<meta property=\"article:modified_time\" content=\"2024-10-15T13:29:03+00:00\" \/>\n<meta property=\"og:image\" content=\"https:\/\/nookcosmetics.it\/wp-content\/uploads\/2024\/10\/1029096_1.jpg\" \/>\n\t<meta property=\"og:image:width\" content=\"1333\" \/>\n\t<meta property=\"og:image:height\" content=\"2000\" \/>\n\t<meta property=\"og:image:type\" content=\"image\/jpeg\" \/>\n<meta name=\"twitter:card\" content=\"summary_large_image\" \/>\n<meta name=\"twitter:label1\" content=\"Tiempo de lectura\" \/>\n\t<meta name=\"twitter:data1\" content=\"2 minutos\" \/>\n<script type=\"application\/ld+json\" class=\"yoast-schema-graph\">{\"@context\":\"https:\/\/schema.org\",\"@graph\":[{\"@type\":\"WebPage\",\"@id\":\"https:\/\/nookcosmetics.it\/prodotto\/reinforcing-treatment-hair-cream-leave-in\/\",\"url\":\"https:\/\/nookcosmetics.it\/prodotto\/reinforcing-treatment-hair-cream-leave-in\/\",\"name\":\"Reinforcing Treatment Hair Cream -LEAVE IN - Nook\",\"isPartOf\":{\"@id\":\"https:\/\/nookcosmetics.it\/#website\"},\"primaryImageOfPage\":{\"@id\":\"https:\/\/nookcosmetics.it\/prodotto\/reinforcing-treatment-hair-cream-leave-in\/#primaryimage\"},\"image\":{\"@id\":\"https:\/\/nookcosmetics.it\/prodotto\/reinforcing-treatment-hair-cream-leave-in\/#primaryimage\"},\"thumbnailUrl\":\"https:\/\/nookcosmetics.it\/wp-content\/uploads\/2024\/10\/1029096_1.jpg\",\"datePublished\":\"2024-10-03T14:24:20+00:00\",\"dateModified\":\"2024-10-15T13:29:03+00:00\",\"breadcrumb\":{\"@id\":\"https:\/\/nookcosmetics.it\/prodotto\/reinforcing-treatment-hair-cream-leave-in\/#breadcrumb\"},\"inLanguage\":\"es\",\"potentialAction\":[{\"@type\":\"ReadAction\",\"target\":[\"https:\/\/nookcosmetics.it\/prodotto\/reinforcing-treatment-hair-cream-leave-in\/\"]}]},{\"@type\":\"ImageObject\",\"inLanguage\":\"es\",\"@id\":\"https:\/\/nookcosmetics.it\/prodotto\/reinforcing-treatment-hair-cream-leave-in\/#primaryimage\",\"url\":\"https:\/\/nookcosmetics.it\/wp-content\/uploads\/2024\/10\/1029096_1.jpg\",\"contentUrl\":\"https:\/\/nookcosmetics.it\/wp-content\/uploads\/2024\/10\/1029096_1.jpg\",\"width\":1333,\"height\":2000},{\"@type\":\"BreadcrumbList\",\"@id\":\"https:\/\/nookcosmetics.it\/prodotto\/reinforcing-treatment-hair-cream-leave-in\/#breadcrumb\",\"itemListElement\":[{\"@type\":\"ListItem\",\"position\":1,\"name\":\"Home\",\"item\":\"https:\/\/nookcosmetics.it\/\"},{\"@type\":\"ListItem\",\"position\":2,\"name\":\"Reinforcing Treatment Hair Cream -LEAVE IN\"}]},{\"@type\":\"WebSite\",\"@id\":\"https:\/\/nookcosmetics.it\/#website\",\"url\":\"https:\/\/nookcosmetics.it\/\",\"name\":\"Nook Cosmetics\",\"description\":\"Crediamo nella bellezza della semplicit\u00e0, nell\u2019armonia degli elementi, nell\u2019equilibrio della natura\",\"publisher\":{\"@id\":\"https:\/\/nookcosmetics.it\/#organization\"},\"alternateName\":\"Nook Cosmetics\",\"potentialAction\":[{\"@type\":\"SearchAction\",\"target\":{\"@type\":\"EntryPoint\",\"urlTemplate\":\"https:\/\/nookcosmetics.it\/?s={search_term_string}\"},\"query-input\":{\"@type\":\"PropertyValueSpecification\",\"valueRequired\":true,\"valueName\":\"search_term_string\"}}],\"inLanguage\":\"es\"},{\"@type\":\"Organization\",\"@id\":\"https:\/\/nookcosmetics.it\/#organization\",\"name\":\"Nook Cosmetics\",\"alternateName\":\"Nook Cosmetics\",\"url\":\"https:\/\/nookcosmetics.it\/\",\"logo\":{\"@type\":\"ImageObject\",\"inLanguage\":\"es\",\"@id\":\"https:\/\/nookcosmetics.it\/#\/schema\/logo\/image\/\",\"url\":\"https:\/\/nookcosmetics.it\/wp-content\/uploads\/2023\/12\/LOGO-NOOK-01.svg\",\"contentUrl\":\"https:\/\/nookcosmetics.it\/wp-content\/uploads\/2023\/12\/LOGO-NOOK-01.svg\",\"width\":1,\"height\":1,\"caption\":\"Nook Cosmetics\"},\"image\":{\"@id\":\"https:\/\/nookcosmetics.it\/#\/schema\/logo\/image\/\"},\"sameAs\":[\"https:\/\/www.facebook.com\/nookitaly\/\",\"https:\/\/www.instagram.com\/nook_italy?igsh=dGF4ZDZhZHNqOWNj\",\"https:\/\/open.spotify.com\/user\/xle0uiwswkyv64wg355xqn1q3?si=c820e61a855848b5&nd=1&dlsi=4e3d74ee010547b8\"]}]}<\/script>\n<!-- \/ Yoast SEO plugin. -->","yoast_head_json":{"title":"Reinforcing Treatment Hair Cream -LEAVE IN - Nook","robots":{"index":"index","follow":"follow","max-snippet":"max-snippet:-1","max-image-preview":"max-image-preview:large","max-video-preview":"max-video-preview:-1"},"canonical":"https:\/\/nookcosmetics.it\/es\/producto\/reinforcing-treatment-hair-cream-leave-in\/","og_locale":"es_ES","og_type":"article","og_title":"Reinforcing Treatment Hair Cream -LEAVE IN - Nook","og_description":"Crema fluida corporizzante per capelli aridi e sfruttati Soffice e cremosa, filma ed avvolge lo stelo contribuendo a proteggere e rendere pi\u00f9 resistenti lunghezze e punte. Dona lucentezza e setosit\u00e0 alla chioma senza appesantire. Contribuisce a migliorare l&#8217;aspetto dei capelli molto secchi. 125 ml Plus Prodotto Ingredienti Chiave Maggiori Info Modalit\u00e0 D&#8217;uso","og_url":"https:\/\/nookcosmetics.it\/es\/producto\/reinforcing-treatment-hair-cream-leave-in\/","og_site_name":"Nook","article_publisher":"https:\/\/www.facebook.com\/nookitaly\/","article_modified_time":"2024-10-15T13:29:03+00:00","og_image":[{"width":1333,"height":2000,"url":"https:\/\/nookcosmetics.it\/wp-content\/uploads\/2024\/10\/1029096_1.jpg","type":"image\/jpeg"}],"twitter_card":"summary_large_image","twitter_misc":{"Tiempo de lectura":"2 minutos"},"schema":{"@context":"https:\/\/schema.org","@graph":[{"@type":"WebPage","@id":"https:\/\/nookcosmetics.it\/prodotto\/reinforcing-treatment-hair-cream-leave-in\/","url":"https:\/\/nookcosmetics.it\/prodotto\/reinforcing-treatment-hair-cream-leave-in\/","name":"Reinforcing Treatment Hair Cream -LEAVE IN - Nook","isPartOf":{"@id":"https:\/\/nookcosmetics.it\/#website"},"primaryImageOfPage":{"@id":"https:\/\/nookcosmetics.it\/prodotto\/reinforcing-treatment-hair-cream-leave-in\/#primaryimage"},"image":{"@id":"https:\/\/nookcosmetics.it\/prodotto\/reinforcing-treatment-hair-cream-leave-in\/#primaryimage"},"thumbnailUrl":"https:\/\/nookcosmetics.it\/wp-content\/uploads\/2024\/10\/1029096_1.jpg","datePublished":"2024-10-03T14:24:20+00:00","dateModified":"2024-10-15T13:29:03+00:00","breadcrumb":{"@id":"https:\/\/nookcosmetics.it\/prodotto\/reinforcing-treatment-hair-cream-leave-in\/#breadcrumb"},"inLanguage":"es","potentialAction":[{"@type":"ReadAction","target":["https:\/\/nookcosmetics.it\/prodotto\/reinforcing-treatment-hair-cream-leave-in\/"]}]},{"@type":"ImageObject","inLanguage":"es","@id":"https:\/\/nookcosmetics.it\/prodotto\/reinforcing-treatment-hair-cream-leave-in\/#primaryimage","url":"https:\/\/nookcosmetics.it\/wp-content\/uploads\/2024\/10\/1029096_1.jpg","contentUrl":"https:\/\/nookcosmetics.it\/wp-content\/uploads\/2024\/10\/1029096_1.jpg","width":1333,"height":2000},{"@type":"BreadcrumbList","@id":"https:\/\/nookcosmetics.it\/prodotto\/reinforcing-treatment-hair-cream-leave-in\/#breadcrumb","itemListElement":[{"@type":"ListItem","position":1,"name":"Home","item":"https:\/\/nookcosmetics.it\/"},{"@type":"ListItem","position":2,"name":"Reinforcing Treatment Hair Cream -LEAVE IN"}]},{"@type":"WebSite","@id":"https:\/\/nookcosmetics.it\/#website","url":"https:\/\/nookcosmetics.it\/","name":"Nook Cosmetics","description":"Crediamo nella bellezza della semplicit\u00e0, nell\u2019armonia degli elementi, nell\u2019equilibrio della natura","publisher":{"@id":"https:\/\/nookcosmetics.it\/#organization"},"alternateName":"Nook Cosmetics","potentialAction":[{"@type":"SearchAction","target":{"@type":"EntryPoint","urlTemplate":"https:\/\/nookcosmetics.it\/?s={search_term_string}"},"query-input":{"@type":"PropertyValueSpecification","valueRequired":true,"valueName":"search_term_string"}}],"inLanguage":"es"},{"@type":"Organization","@id":"https:\/\/nookcosmetics.it\/#organization","name":"Nook Cosmetics","alternateName":"Nook Cosmetics","url":"https:\/\/nookcosmetics.it\/","logo":{"@type":"ImageObject","inLanguage":"es","@id":"https:\/\/nookcosmetics.it\/#\/schema\/logo\/image\/","url":"https:\/\/nookcosmetics.it\/wp-content\/uploads\/2023\/12\/LOGO-NOOK-01.svg","contentUrl":"https:\/\/nookcosmetics.it\/wp-content\/uploads\/2023\/12\/LOGO-NOOK-01.svg","width":1,"height":1,"caption":"Nook Cosmetics"},"image":{"@id":"https:\/\/nookcosmetics.it\/#\/schema\/logo\/image\/"},"sameAs":["https:\/\/www.facebook.com\/nookitaly\/","https:\/\/www.instagram.com\/nook_italy?igsh=dGF4ZDZhZHNqOWNj","https:\/\/open.spotify.com\/user\/xle0uiwswkyv64wg355xqn1q3?si=c820e61a855848b5&nd=1&dlsi=4e3d74ee010547b8"]}]}},"_links":{"self":[{"href":"https:\/\/nookcosmetics.it\/es\/wp-json\/wp\/v2\/product\/15131","targetHints":{"allow":["GET"]}}],"collection":[{"href":"https:\/\/nookcosmetics.it\/es\/wp-json\/wp\/v2\/product"}],"about":[{"href":"https:\/\/nookcosmetics.it\/es\/wp-json\/wp\/v2\/types\/product"}],"wp:featuredmedia":[{"embeddable":true,"href":"https:\/\/nookcosmetics.it\/es\/wp-json\/wp\/v2\/media\/15472"}],"wp:attachment":[{"href":"https:\/\/nookcosmetics.it\/es\/wp-json\/wp\/v2\/media?parent=15131"}],"wp:term":[{"taxonomy":"product_brand","embeddable":true,"href":"https:\/\/nookcosmetics.it\/es\/wp-json\/wp\/v2\/product_brand?post=15131"},{"taxonomy":"product_cat","embeddable":true,"href":"https:\/\/nookcosmetics.it\/es\/wp-json\/wp\/v2\/product_cat?post=15131"},{"taxonomy":"product_tag","embeddable":true,"href":"https:\/\/nookcosmetics.it\/es\/wp-json\/wp\/v2\/product_tag?post=15131"}],"curies":[{"name":"wp","href":"https:\/\/api.w.org\/{rel}","templated":true}]}}