{"id":2854,"date":"2024-05-02T13:21:44","date_gmt":"2024-05-02T11:21:44","guid":{"rendered":"https:\/\/nookcosmetics.it\/prodotto\/the-virgin-color\/"},"modified":"2024-05-21T11:57:29","modified_gmt":"2024-05-21T09:57:29","slug":"the-virgin-color","status":"publish","type":"product","link":"https:\/\/nookcosmetics.it\/en\/product\/the-virgin-color\/","title":{"rendered":"THE VIRGIN COLOR"},"content":{"rendered":"<p class=\"fw-bold uppercase fs-24 c-green line-bf\">\n<\/p><p class=\"fw-bold mt-25 fs-48 playfair\">THE VIRGIN COLOR\n<\/p><p class=\"text-left fs-20 mt-15\">Permanent coloring cosmetic cream without ammonia<\/p>\n<p class=\"mt-25 mb-10 fs-15\">The Virgin Color \u00e8 una colorazione permanente ad ossidazione senza Ammoniaca e PPD, dalla formulazione Vegan, nata per soddisfare le sempre pi\u00f9 frequenti esigenze e richieste di un&#8217;alternativa cosmetica pi\u00f9 trattante, pi\u00f9 delicata e naturale, senza rinunciare alle eccellenti performance in termine di copertura e durata nel tempo. Una colorazione dolce, delicata e piacevole, ricca sostanze antiossidanti e attivi vegetali dalle propriet\u00e0 rigeneranti e addolcenti, che si prende cura del cuoio capelluto pi\u00f9 delicato e sensibile preservandone l\u2019integrit\u00e0 e il benessere.<\/p>\n<p class='mb-50'>100 ml x 87 nuances<\/p>\n<div class=\"relative\">\n<p class=\"fs-20 line-title-first\">Product Plus<\/p>\n<span class=\"collapseomatic\" id=\"id69d7f433e972e\"  tabindex=\"0\" title=\"\"><\/span><div id=\"target-id69d7f433e972e\" class=\"collapseomatic_content\">\n<ul class=\"\">\n<li>VEGAN FORMULA<\/li>\n<li>0% AMMONIA<\/li>\n<li>0% PPD ADDED<\/li>\n<li>0% RESORCINOL ADDED<\/li>\n<\/ul>\n<\/div><\/div>\n<div class=\"relative\">\n<p class=\"fs-20 line-title\">Key Ingredients<\/p>\n<span class=\"collapseomatic\" id=\"id69d7f433e97cd\"  tabindex=\"0\" title=\"\"><\/span><div id=\"target-id69d7f433e97cd\" class=\"collapseomatic_content\">\n<ul>\n<li>Scutellaria Alpina extract*<\/li>\n<li>Desert Fruits Biocomplex*<\/li>\n<p class='bio-collapse'>* from  organic farming<\/p>\n<\/ul>\n<\/div><\/div>\n<div class=\"relative\">\n<p class=\"fs-20 line-title\">More Info<\/p>\n<span class=\"collapseomatic\" id=\"id69d7f433e9804\"  tabindex=\"0\" title=\"\"><\/span><div id=\"target-id69d7f433e9804\" class=\"collapseomatic_content\">\n<p>Una colorazione dolce ad elevato potere trattante e nutriente, formulata con pregiati ingredienti vegetali provenienti da coltivazione biologica (estratto di Fiori Alpini e Frutti selvatici del deserto), specificatamente selezionati per le elevate propriet\u00e0 rigeneranti, preservanti e anti-invecchiamento. The Virgin Color assicura la massima protezione e ristrutturazione della fibra capillare con un\u2019elevata riduzione dello stress del capello e una visibile ed eccezionale brillantezza, morbidezza e setosit\u00e0. Offre massima delicatezza e totale rispetto della cute durante tutto il processo di colorazione. Garantisce: una perfetta copertura dei capelli bianchi, naturalezza e uniformit\u00e0 del riflesso dalla radice alle punte, per un risultato tecnico preciso in ogni situazione e su ogni tipologia di capello; schiariture precise fino a 4 toni, con la serie super schiarente, senza stressare il capello, che rimane brillante e setoso.<\/p>\n<\/div><\/div>\n<div class=\"relative\">\n<p class=\"fs-20 line-title\">How to use<\/p>\n<span class=\"collapseomatic\" id=\"id69d7f433e9833\"  tabindex=\"0\" title=\"\"><\/span><div id=\"target-id69d7f433e9833\" class=\"collapseomatic_content\">\n<p>FOR PROFESSIONAL USE ONLY<\/p>\n<\/div><\/div>","protected":false},"excerpt":{"rendered":"<p>Crema cosmetica colorante permanente senza ammoniaca The Virgin Color \u00e8 una colorazione permanente ad ossidazione senza Ammoniaca e PPD, dalla formulazione Vegan, nata per soddisfare le sempre pi\u00f9 frequenti esigenze e richieste di un&#8217;alternativa cosmetica pi\u00f9 trattante, pi\u00f9 delicata e naturale, senza rinunciare alle eccellenti performance in termine di copertura e durata nel tempo. Una [&hellip;]<\/p>\n","protected":false},"featured_media":5105,"template":"","meta":{"_acf_changed":false,"inline_featured_image":false},"product_brand":[],"product_cat":[17,47,27],"product_tag":[],"class_list":{"0":"post-2854","1":"product","2":"type-product","3":"status-publish","4":"has-post-thumbnail","6":"product_cat-all","7":"product_cat-the-color-area","8":"product_cat-the-virgin-color","10":"first","11":"outofstock","12":"shipping-taxable","13":"purchasable","14":"product-type-simple"},"acf":[],"yoast_head":"<!-- This site is optimized with the Yoast SEO plugin v27.0 - https:\/\/yoast.com\/product\/yoast-seo-wordpress\/ -->\n<title>THE VIRGIN COLOR - Nook<\/title>\n<meta name=\"robots\" content=\"index, follow, max-snippet:-1, max-image-preview:large, max-video-preview:-1\" \/>\n<link rel=\"canonical\" href=\"https:\/\/nookcosmetics.it\/en\/product\/the-virgin-color\/\" \/>\n<meta property=\"og:locale\" content=\"en_US\" \/>\n<meta property=\"og:type\" content=\"article\" \/>\n<meta property=\"og:title\" content=\"THE VIRGIN COLOR - Nook\" \/>\n<meta property=\"og:description\" content=\"Crema cosmetica colorante permanente senza ammoniaca The Virgin Color \u00e8 una colorazione permanente ad ossidazione senza Ammoniaca e PPD, dalla formulazione Vegan, nata per soddisfare le sempre pi\u00f9 frequenti esigenze e richieste di un&#8217;alternativa cosmetica pi\u00f9 trattante, pi\u00f9 delicata e naturale, senza rinunciare alle eccellenti performance in termine di copertura e durata nel tempo. Una [&hellip;]\" \/>\n<meta property=\"og:url\" content=\"https:\/\/nookcosmetics.it\/en\/product\/the-virgin-color\/\" \/>\n<meta property=\"og:site_name\" content=\"Nook\" \/>\n<meta property=\"article:publisher\" content=\"https:\/\/www.facebook.com\/nookitaly\/\" \/>\n<meta property=\"article:modified_time\" content=\"2024-05-21T09:57:29+00:00\" \/>\n<meta property=\"og:image\" content=\"https:\/\/nookcosmetics.it\/wp-content\/uploads\/2024\/05\/1027046-1.jpg\" \/>\n\t<meta property=\"og:image:width\" content=\"1333\" \/>\n\t<meta property=\"og:image:height\" content=\"2000\" \/>\n\t<meta property=\"og:image:type\" content=\"image\/jpeg\" \/>\n<meta name=\"twitter:card\" content=\"summary_large_image\" \/>\n<meta name=\"twitter:label1\" content=\"Est. reading time\" \/>\n\t<meta name=\"twitter:data1\" content=\"1 minute\" \/>\n<script type=\"application\/ld+json\" class=\"yoast-schema-graph\">{\"@context\":\"https:\/\/schema.org\",\"@graph\":[{\"@type\":\"WebPage\",\"@id\":\"https:\/\/nookcosmetics.it\/prodotto\/the-virgin-color\/\",\"url\":\"https:\/\/nookcosmetics.it\/prodotto\/the-virgin-color\/\",\"name\":\"THE VIRGIN COLOR - Nook\",\"isPartOf\":{\"@id\":\"https:\/\/nookcosmetics.it\/#website\"},\"primaryImageOfPage\":{\"@id\":\"https:\/\/nookcosmetics.it\/prodotto\/the-virgin-color\/#primaryimage\"},\"image\":{\"@id\":\"https:\/\/nookcosmetics.it\/prodotto\/the-virgin-color\/#primaryimage\"},\"thumbnailUrl\":\"https:\/\/nookcosmetics.it\/wp-content\/uploads\/2024\/05\/1027046-1.jpg\",\"datePublished\":\"2024-05-02T11:21:44+00:00\",\"dateModified\":\"2024-05-21T09:57:29+00:00\",\"breadcrumb\":{\"@id\":\"https:\/\/nookcosmetics.it\/prodotto\/the-virgin-color\/#breadcrumb\"},\"inLanguage\":\"en-US\",\"potentialAction\":[{\"@type\":\"ReadAction\",\"target\":[\"https:\/\/nookcosmetics.it\/prodotto\/the-virgin-color\/\"]}]},{\"@type\":\"ImageObject\",\"inLanguage\":\"en-US\",\"@id\":\"https:\/\/nookcosmetics.it\/prodotto\/the-virgin-color\/#primaryimage\",\"url\":\"https:\/\/nookcosmetics.it\/wp-content\/uploads\/2024\/05\/1027046-1.jpg\",\"contentUrl\":\"https:\/\/nookcosmetics.it\/wp-content\/uploads\/2024\/05\/1027046-1.jpg\",\"width\":1333,\"height\":2000},{\"@type\":\"BreadcrumbList\",\"@id\":\"https:\/\/nookcosmetics.it\/prodotto\/the-virgin-color\/#breadcrumb\",\"itemListElement\":[{\"@type\":\"ListItem\",\"position\":1,\"name\":\"Home\",\"item\":\"https:\/\/nookcosmetics.it\/\"},{\"@type\":\"ListItem\",\"position\":2,\"name\":\"THE VIRGIN COLOR\"}]},{\"@type\":\"WebSite\",\"@id\":\"https:\/\/nookcosmetics.it\/#website\",\"url\":\"https:\/\/nookcosmetics.it\/\",\"name\":\"Nook Cosmetics\",\"description\":\"Crediamo nella bellezza della semplicit\u00e0, nell\u2019armonia degli elementi, nell\u2019equilibrio della natura\",\"publisher\":{\"@id\":\"https:\/\/nookcosmetics.it\/#organization\"},\"alternateName\":\"Nook Cosmetics\",\"potentialAction\":[{\"@type\":\"SearchAction\",\"target\":{\"@type\":\"EntryPoint\",\"urlTemplate\":\"https:\/\/nookcosmetics.it\/?s={search_term_string}\"},\"query-input\":{\"@type\":\"PropertyValueSpecification\",\"valueRequired\":true,\"valueName\":\"search_term_string\"}}],\"inLanguage\":\"en-US\"},{\"@type\":\"Organization\",\"@id\":\"https:\/\/nookcosmetics.it\/#organization\",\"name\":\"Nook Cosmetics\",\"alternateName\":\"Nook Cosmetics\",\"url\":\"https:\/\/nookcosmetics.it\/\",\"logo\":{\"@type\":\"ImageObject\",\"inLanguage\":\"en-US\",\"@id\":\"https:\/\/nookcosmetics.it\/#\/schema\/logo\/image\/\",\"url\":\"https:\/\/nookcosmetics.it\/wp-content\/uploads\/2023\/12\/LOGO-NOOK-01.svg\",\"contentUrl\":\"https:\/\/nookcosmetics.it\/wp-content\/uploads\/2023\/12\/LOGO-NOOK-01.svg\",\"width\":1,\"height\":1,\"caption\":\"Nook Cosmetics\"},\"image\":{\"@id\":\"https:\/\/nookcosmetics.it\/#\/schema\/logo\/image\/\"},\"sameAs\":[\"https:\/\/www.facebook.com\/nookitaly\/\",\"https:\/\/www.instagram.com\/nook_italy?igsh=dGF4ZDZhZHNqOWNj\",\"https:\/\/open.spotify.com\/user\/xle0uiwswkyv64wg355xqn1q3?si=c820e61a855848b5&nd=1&dlsi=4e3d74ee010547b8\"]}]}<\/script>\n<!-- \/ Yoast SEO plugin. -->","yoast_head_json":{"title":"THE VIRGIN COLOR - Nook","robots":{"index":"index","follow":"follow","max-snippet":"max-snippet:-1","max-image-preview":"max-image-preview:large","max-video-preview":"max-video-preview:-1"},"canonical":"https:\/\/nookcosmetics.it\/en\/product\/the-virgin-color\/","og_locale":"en_US","og_type":"article","og_title":"THE VIRGIN COLOR - Nook","og_description":"Crema cosmetica colorante permanente senza ammoniaca The Virgin Color \u00e8 una colorazione permanente ad ossidazione senza Ammoniaca e PPD, dalla formulazione Vegan, nata per soddisfare le sempre pi\u00f9 frequenti esigenze e richieste di un&#8217;alternativa cosmetica pi\u00f9 trattante, pi\u00f9 delicata e naturale, senza rinunciare alle eccellenti performance in termine di copertura e durata nel tempo. Una [&hellip;]","og_url":"https:\/\/nookcosmetics.it\/en\/product\/the-virgin-color\/","og_site_name":"Nook","article_publisher":"https:\/\/www.facebook.com\/nookitaly\/","article_modified_time":"2024-05-21T09:57:29+00:00","og_image":[{"width":1333,"height":2000,"url":"https:\/\/nookcosmetics.it\/wp-content\/uploads\/2024\/05\/1027046-1.jpg","type":"image\/jpeg"}],"twitter_card":"summary_large_image","twitter_misc":{"Est. reading time":"1 minute"},"schema":{"@context":"https:\/\/schema.org","@graph":[{"@type":"WebPage","@id":"https:\/\/nookcosmetics.it\/prodotto\/the-virgin-color\/","url":"https:\/\/nookcosmetics.it\/prodotto\/the-virgin-color\/","name":"THE VIRGIN COLOR - Nook","isPartOf":{"@id":"https:\/\/nookcosmetics.it\/#website"},"primaryImageOfPage":{"@id":"https:\/\/nookcosmetics.it\/prodotto\/the-virgin-color\/#primaryimage"},"image":{"@id":"https:\/\/nookcosmetics.it\/prodotto\/the-virgin-color\/#primaryimage"},"thumbnailUrl":"https:\/\/nookcosmetics.it\/wp-content\/uploads\/2024\/05\/1027046-1.jpg","datePublished":"2024-05-02T11:21:44+00:00","dateModified":"2024-05-21T09:57:29+00:00","breadcrumb":{"@id":"https:\/\/nookcosmetics.it\/prodotto\/the-virgin-color\/#breadcrumb"},"inLanguage":"en-US","potentialAction":[{"@type":"ReadAction","target":["https:\/\/nookcosmetics.it\/prodotto\/the-virgin-color\/"]}]},{"@type":"ImageObject","inLanguage":"en-US","@id":"https:\/\/nookcosmetics.it\/prodotto\/the-virgin-color\/#primaryimage","url":"https:\/\/nookcosmetics.it\/wp-content\/uploads\/2024\/05\/1027046-1.jpg","contentUrl":"https:\/\/nookcosmetics.it\/wp-content\/uploads\/2024\/05\/1027046-1.jpg","width":1333,"height":2000},{"@type":"BreadcrumbList","@id":"https:\/\/nookcosmetics.it\/prodotto\/the-virgin-color\/#breadcrumb","itemListElement":[{"@type":"ListItem","position":1,"name":"Home","item":"https:\/\/nookcosmetics.it\/"},{"@type":"ListItem","position":2,"name":"THE VIRGIN COLOR"}]},{"@type":"WebSite","@id":"https:\/\/nookcosmetics.it\/#website","url":"https:\/\/nookcosmetics.it\/","name":"Nook Cosmetics","description":"Crediamo nella bellezza della semplicit\u00e0, nell\u2019armonia degli elementi, nell\u2019equilibrio della natura","publisher":{"@id":"https:\/\/nookcosmetics.it\/#organization"},"alternateName":"Nook Cosmetics","potentialAction":[{"@type":"SearchAction","target":{"@type":"EntryPoint","urlTemplate":"https:\/\/nookcosmetics.it\/?s={search_term_string}"},"query-input":{"@type":"PropertyValueSpecification","valueRequired":true,"valueName":"search_term_string"}}],"inLanguage":"en-US"},{"@type":"Organization","@id":"https:\/\/nookcosmetics.it\/#organization","name":"Nook Cosmetics","alternateName":"Nook Cosmetics","url":"https:\/\/nookcosmetics.it\/","logo":{"@type":"ImageObject","inLanguage":"en-US","@id":"https:\/\/nookcosmetics.it\/#\/schema\/logo\/image\/","url":"https:\/\/nookcosmetics.it\/wp-content\/uploads\/2023\/12\/LOGO-NOOK-01.svg","contentUrl":"https:\/\/nookcosmetics.it\/wp-content\/uploads\/2023\/12\/LOGO-NOOK-01.svg","width":1,"height":1,"caption":"Nook Cosmetics"},"image":{"@id":"https:\/\/nookcosmetics.it\/#\/schema\/logo\/image\/"},"sameAs":["https:\/\/www.facebook.com\/nookitaly\/","https:\/\/www.instagram.com\/nook_italy?igsh=dGF4ZDZhZHNqOWNj","https:\/\/open.spotify.com\/user\/xle0uiwswkyv64wg355xqn1q3?si=c820e61a855848b5&nd=1&dlsi=4e3d74ee010547b8"]}]}},"_links":{"self":[{"href":"https:\/\/nookcosmetics.it\/en\/wp-json\/wp\/v2\/product\/2854","targetHints":{"allow":["GET"]}}],"collection":[{"href":"https:\/\/nookcosmetics.it\/en\/wp-json\/wp\/v2\/product"}],"about":[{"href":"https:\/\/nookcosmetics.it\/en\/wp-json\/wp\/v2\/types\/product"}],"wp:featuredmedia":[{"embeddable":true,"href":"https:\/\/nookcosmetics.it\/en\/wp-json\/wp\/v2\/media\/5105"}],"wp:attachment":[{"href":"https:\/\/nookcosmetics.it\/en\/wp-json\/wp\/v2\/media?parent=2854"}],"wp:term":[{"taxonomy":"product_brand","embeddable":true,"href":"https:\/\/nookcosmetics.it\/en\/wp-json\/wp\/v2\/product_brand?post=2854"},{"taxonomy":"product_cat","embeddable":true,"href":"https:\/\/nookcosmetics.it\/en\/wp-json\/wp\/v2\/product_cat?post=2854"},{"taxonomy":"product_tag","embeddable":true,"href":"https:\/\/nookcosmetics.it\/en\/wp-json\/wp\/v2\/product_tag?post=2854"}],"curies":[{"name":"wp","href":"https:\/\/api.w.org\/{rel}","templated":true}]}}