{"id":2773,"date":"2024-05-02T11:46:11","date_gmt":"2024-05-02T09:46:11","guid":{"rendered":"https:\/\/nookcosmetics.it\/prodotto\/miracle-butter\/"},"modified":"2024-05-16T14:56:15","modified_gmt":"2024-05-16T12:56:15","slug":"miracle-butter","status":"publish","type":"product","link":"https:\/\/nookcosmetics.it\/en\/product\/miracle-butter\/","title":{"rendered":"Miracle Butter"},"content":{"rendered":"<p class=\"fw-bold uppercase fs-24 c-green line-bf\">\n<\/p><p class=\"fw-bold mt-25 fs-48 playfair\">Miracle Butter\n<\/p><p class=\"text-left fs-20 mt-15\">Nourishing and restorative butter mask for severely parched hair<\/p>\n<p class=\"mt-25 mb-10 fs-15\">Burro impacco nutriente e restitutivo per capelli fortemente inariditi. Indicato per tutti i tipi di capelli, specialmente per capelli impoveriti, particolarmente secchi e sensibilizzati, opachi e privi di vitalit\u00e0. Dona forza, elasticit\u00e0 e lucentezza restituendo al capello un aspetto pi\u00f9 giovane e sano.<\/p>\n<p class='mb-50'>250 ml \/ 1000 ml<\/p>\n<div class=\"relative\">\n<p class=\"fs-20 line-title-first\">Product Plus<\/p>\n<span class=\"collapseomatic\" id=\"id69d3202b78008\"  tabindex=\"0\" title=\"\"><\/span><div id=\"target-id69d3202b78008\" class=\"collapseomatic_content\">\n<ul class=\"\">\n<li>0% SLES, SLS<\/li>\n<li>0% PARAFFIN<\/li>\n<li>0% SULPHATES<\/li>\n<li>0% SYNTHETIC COLOURS<\/li>\n<li>VEGAN FORMULA<\/li>\n<li>METAL TESTED Ni-Cr-Co < 1 PPM<\/li>\n<li>&gt;90% INGREDIENTS OF NATURAL ORIGIN (ISO16128)<\/li>\n<li>VASE 100% R-PET<\/li>\n<\/ul>\n<\/div><\/div>\n<div class=\"relative\">\n<p class=\"fs-20 line-title\">Key Ingredients<\/p>\n<span class=\"collapseomatic\" id=\"id69d3202b78086\"  tabindex=\"0\" title=\"\"><\/span><div id=\"target-id69d3202b78086\" class=\"collapseomatic_content\">\n<ul>\n<li>Argan Oil*<\/li>\n<li>Muru Muru Butter*<\/li>\n<p class='bio-collapse'>* from  organic farming<\/p>\n<\/ul>\n<\/div><\/div>\n<div class=\"relative\">\n<p class=\"fs-20 line-title\">More Info<\/p>\n<span class=\"collapseomatic\" id=\"id69d3202b780ae\"  tabindex=\"0\" title=\"\"><\/span><div id=\"target-id69d3202b780ae\" class=\"collapseomatic_content\">\n<p>Impacco ad elevato potere ricostituente, che nutre in profondit\u00e0 la fibra del capello arido e sfruttato, rendendolo pi\u00f9 forte e resistente all&#8217;azione dei radicali liberi. Indicato in ogni sistuazione in cui il capello necessita di nutrimento extra: capelli sensibilizzati, molto sfruttati, trattati chimicamente, spenti e opacizzati. Aiuta le cuticole di ricompattarsi, contrastando con efficacia l&#8217;effetto crespo e la disisdratazione della chioma.<\/p>\n<\/div><\/div>\n<div class=\"relative\">\n<p class=\"fs-20 line-title\">How to use<\/p>\n<span class=\"collapseomatic\" id=\"id69d3202b780cf\"  tabindex=\"0\" title=\"\"><\/span><div id=\"target-id69d3202b780cf\" class=\"collapseomatic_content\">\n<p>Distribuire sui capelli bagnati e tamponati, pettinare e lasciare in posa qualche minuto a seconda delle necessit\u00e0 del capello. Risciacquare responsabilmente<\/p>\n<\/div><\/div>","protected":false},"excerpt":{"rendered":"<p>Burro impacco nutriente e restitutivo per capelli fortemente inariditi Burro impacco nutriente e restitutivo per capelli fortemente inariditi. Indicato per tutti i tipi di capelli, specialmente per capelli impoveriti, particolarmente secchi e sensibilizzati, opachi e privi di vitalit\u00e0. Dona forza, elasticit\u00e0 e lucentezza restituendo al capello un aspetto pi\u00f9 giovane e sano. 250 ml \/ [&hellip;]<\/p>\n","protected":false},"featured_media":5409,"template":"","meta":{"_acf_changed":false,"inline_featured_image":false},"product_brand":[],"product_cat":[17,20,48],"product_tag":[21],"class_list":{"0":"post-2773","1":"product","2":"type-product","3":"status-publish","4":"has-post-thumbnail","6":"product_cat-all","7":"product_cat-magic-arganoil","8":"product_cat-secret","9":"product_tag-secret","11":"first","12":"instock","13":"shipping-taxable","14":"purchasable","15":"product-type-simple"},"acf":[],"yoast_head":"<!-- This site is optimized with the Yoast SEO plugin v27.0 - https:\/\/yoast.com\/product\/yoast-seo-wordpress\/ -->\n<title>Miracle Butter - Nook<\/title>\n<meta name=\"robots\" content=\"index, follow, max-snippet:-1, max-image-preview:large, max-video-preview:-1\" \/>\n<link rel=\"canonical\" href=\"https:\/\/nookcosmetics.it\/en\/product\/miracle-butter\/\" \/>\n<meta property=\"og:locale\" content=\"en_US\" \/>\n<meta property=\"og:type\" content=\"article\" \/>\n<meta property=\"og:title\" content=\"Miracle Butter - Nook\" \/>\n<meta property=\"og:description\" content=\"Burro impacco nutriente e restitutivo per capelli fortemente inariditi Burro impacco nutriente e restitutivo per capelli fortemente inariditi. Indicato per tutti i tipi di capelli, specialmente per capelli impoveriti, particolarmente secchi e sensibilizzati, opachi e privi di vitalit\u00e0. Dona forza, elasticit\u00e0 e lucentezza restituendo al capello un aspetto pi\u00f9 giovane e sano. 250 ml \/ [&hellip;]\" \/>\n<meta property=\"og:url\" content=\"https:\/\/nookcosmetics.it\/en\/product\/miracle-butter\/\" \/>\n<meta property=\"og:site_name\" content=\"Nook\" \/>\n<meta property=\"article:publisher\" content=\"https:\/\/www.facebook.com\/nookitaly\/\" \/>\n<meta property=\"article:modified_time\" content=\"2024-05-16T12:56:15+00:00\" \/>\n<meta property=\"og:image\" content=\"https:\/\/nookcosmetics.it\/wp-content\/uploads\/2024\/05\/1027881-1.jpg\" \/>\n\t<meta property=\"og:image:width\" content=\"1333\" \/>\n\t<meta property=\"og:image:height\" content=\"2000\" \/>\n\t<meta property=\"og:image:type\" content=\"image\/jpeg\" \/>\n<meta name=\"twitter:card\" content=\"summary_large_image\" \/>\n<meta name=\"twitter:label1\" content=\"Est. reading time\" \/>\n\t<meta name=\"twitter:data1\" content=\"1 minute\" \/>\n<script type=\"application\/ld+json\" class=\"yoast-schema-graph\">{\"@context\":\"https:\/\/schema.org\",\"@graph\":[{\"@type\":\"WebPage\",\"@id\":\"https:\/\/nookcosmetics.it\/prodotto\/miracle-butter\/\",\"url\":\"https:\/\/nookcosmetics.it\/prodotto\/miracle-butter\/\",\"name\":\"Miracle Butter - Nook\",\"isPartOf\":{\"@id\":\"https:\/\/nookcosmetics.it\/#website\"},\"primaryImageOfPage\":{\"@id\":\"https:\/\/nookcosmetics.it\/prodotto\/miracle-butter\/#primaryimage\"},\"image\":{\"@id\":\"https:\/\/nookcosmetics.it\/prodotto\/miracle-butter\/#primaryimage\"},\"thumbnailUrl\":\"https:\/\/nookcosmetics.it\/wp-content\/uploads\/2024\/05\/1027881-1.jpg\",\"datePublished\":\"2024-05-02T09:46:11+00:00\",\"dateModified\":\"2024-05-16T12:56:15+00:00\",\"breadcrumb\":{\"@id\":\"https:\/\/nookcosmetics.it\/prodotto\/miracle-butter\/#breadcrumb\"},\"inLanguage\":\"en-US\",\"potentialAction\":[{\"@type\":\"ReadAction\",\"target\":[\"https:\/\/nookcosmetics.it\/prodotto\/miracle-butter\/\"]}]},{\"@type\":\"ImageObject\",\"inLanguage\":\"en-US\",\"@id\":\"https:\/\/nookcosmetics.it\/prodotto\/miracle-butter\/#primaryimage\",\"url\":\"https:\/\/nookcosmetics.it\/wp-content\/uploads\/2024\/05\/1027881-1.jpg\",\"contentUrl\":\"https:\/\/nookcosmetics.it\/wp-content\/uploads\/2024\/05\/1027881-1.jpg\",\"width\":1333,\"height\":2000},{\"@type\":\"BreadcrumbList\",\"@id\":\"https:\/\/nookcosmetics.it\/prodotto\/miracle-butter\/#breadcrumb\",\"itemListElement\":[{\"@type\":\"ListItem\",\"position\":1,\"name\":\"Home\",\"item\":\"https:\/\/nookcosmetics.it\/\"},{\"@type\":\"ListItem\",\"position\":2,\"name\":\"Miracle Butter\"}]},{\"@type\":\"WebSite\",\"@id\":\"https:\/\/nookcosmetics.it\/#website\",\"url\":\"https:\/\/nookcosmetics.it\/\",\"name\":\"Nook Cosmetics\",\"description\":\"Crediamo nella bellezza della semplicit\u00e0, nell\u2019armonia degli elementi, nell\u2019equilibrio della natura\",\"publisher\":{\"@id\":\"https:\/\/nookcosmetics.it\/#organization\"},\"alternateName\":\"Nook Cosmetics\",\"potentialAction\":[{\"@type\":\"SearchAction\",\"target\":{\"@type\":\"EntryPoint\",\"urlTemplate\":\"https:\/\/nookcosmetics.it\/?s={search_term_string}\"},\"query-input\":{\"@type\":\"PropertyValueSpecification\",\"valueRequired\":true,\"valueName\":\"search_term_string\"}}],\"inLanguage\":\"en-US\"},{\"@type\":\"Organization\",\"@id\":\"https:\/\/nookcosmetics.it\/#organization\",\"name\":\"Nook Cosmetics\",\"alternateName\":\"Nook Cosmetics\",\"url\":\"https:\/\/nookcosmetics.it\/\",\"logo\":{\"@type\":\"ImageObject\",\"inLanguage\":\"en-US\",\"@id\":\"https:\/\/nookcosmetics.it\/#\/schema\/logo\/image\/\",\"url\":\"https:\/\/nookcosmetics.it\/wp-content\/uploads\/2023\/12\/LOGO-NOOK-01.svg\",\"contentUrl\":\"https:\/\/nookcosmetics.it\/wp-content\/uploads\/2023\/12\/LOGO-NOOK-01.svg\",\"width\":1,\"height\":1,\"caption\":\"Nook Cosmetics\"},\"image\":{\"@id\":\"https:\/\/nookcosmetics.it\/#\/schema\/logo\/image\/\"},\"sameAs\":[\"https:\/\/www.facebook.com\/nookitaly\/\",\"https:\/\/www.instagram.com\/nook_italy?igsh=dGF4ZDZhZHNqOWNj\",\"https:\/\/open.spotify.com\/user\/xle0uiwswkyv64wg355xqn1q3?si=c820e61a855848b5&nd=1&dlsi=4e3d74ee010547b8\"]}]}<\/script>\n<!-- \/ Yoast SEO plugin. -->","yoast_head_json":{"title":"Miracle Butter - Nook","robots":{"index":"index","follow":"follow","max-snippet":"max-snippet:-1","max-image-preview":"max-image-preview:large","max-video-preview":"max-video-preview:-1"},"canonical":"https:\/\/nookcosmetics.it\/en\/product\/miracle-butter\/","og_locale":"en_US","og_type":"article","og_title":"Miracle Butter - Nook","og_description":"Burro impacco nutriente e restitutivo per capelli fortemente inariditi Burro impacco nutriente e restitutivo per capelli fortemente inariditi. Indicato per tutti i tipi di capelli, specialmente per capelli impoveriti, particolarmente secchi e sensibilizzati, opachi e privi di vitalit\u00e0. Dona forza, elasticit\u00e0 e lucentezza restituendo al capello un aspetto pi\u00f9 giovane e sano. 250 ml \/ [&hellip;]","og_url":"https:\/\/nookcosmetics.it\/en\/product\/miracle-butter\/","og_site_name":"Nook","article_publisher":"https:\/\/www.facebook.com\/nookitaly\/","article_modified_time":"2024-05-16T12:56:15+00:00","og_image":[{"width":1333,"height":2000,"url":"https:\/\/nookcosmetics.it\/wp-content\/uploads\/2024\/05\/1027881-1.jpg","type":"image\/jpeg"}],"twitter_card":"summary_large_image","twitter_misc":{"Est. reading time":"1 minute"},"schema":{"@context":"https:\/\/schema.org","@graph":[{"@type":"WebPage","@id":"https:\/\/nookcosmetics.it\/prodotto\/miracle-butter\/","url":"https:\/\/nookcosmetics.it\/prodotto\/miracle-butter\/","name":"Miracle Butter - Nook","isPartOf":{"@id":"https:\/\/nookcosmetics.it\/#website"},"primaryImageOfPage":{"@id":"https:\/\/nookcosmetics.it\/prodotto\/miracle-butter\/#primaryimage"},"image":{"@id":"https:\/\/nookcosmetics.it\/prodotto\/miracle-butter\/#primaryimage"},"thumbnailUrl":"https:\/\/nookcosmetics.it\/wp-content\/uploads\/2024\/05\/1027881-1.jpg","datePublished":"2024-05-02T09:46:11+00:00","dateModified":"2024-05-16T12:56:15+00:00","breadcrumb":{"@id":"https:\/\/nookcosmetics.it\/prodotto\/miracle-butter\/#breadcrumb"},"inLanguage":"en-US","potentialAction":[{"@type":"ReadAction","target":["https:\/\/nookcosmetics.it\/prodotto\/miracle-butter\/"]}]},{"@type":"ImageObject","inLanguage":"en-US","@id":"https:\/\/nookcosmetics.it\/prodotto\/miracle-butter\/#primaryimage","url":"https:\/\/nookcosmetics.it\/wp-content\/uploads\/2024\/05\/1027881-1.jpg","contentUrl":"https:\/\/nookcosmetics.it\/wp-content\/uploads\/2024\/05\/1027881-1.jpg","width":1333,"height":2000},{"@type":"BreadcrumbList","@id":"https:\/\/nookcosmetics.it\/prodotto\/miracle-butter\/#breadcrumb","itemListElement":[{"@type":"ListItem","position":1,"name":"Home","item":"https:\/\/nookcosmetics.it\/"},{"@type":"ListItem","position":2,"name":"Miracle Butter"}]},{"@type":"WebSite","@id":"https:\/\/nookcosmetics.it\/#website","url":"https:\/\/nookcosmetics.it\/","name":"Nook Cosmetics","description":"Crediamo nella bellezza della semplicit\u00e0, nell\u2019armonia degli elementi, nell\u2019equilibrio della natura","publisher":{"@id":"https:\/\/nookcosmetics.it\/#organization"},"alternateName":"Nook Cosmetics","potentialAction":[{"@type":"SearchAction","target":{"@type":"EntryPoint","urlTemplate":"https:\/\/nookcosmetics.it\/?s={search_term_string}"},"query-input":{"@type":"PropertyValueSpecification","valueRequired":true,"valueName":"search_term_string"}}],"inLanguage":"en-US"},{"@type":"Organization","@id":"https:\/\/nookcosmetics.it\/#organization","name":"Nook Cosmetics","alternateName":"Nook Cosmetics","url":"https:\/\/nookcosmetics.it\/","logo":{"@type":"ImageObject","inLanguage":"en-US","@id":"https:\/\/nookcosmetics.it\/#\/schema\/logo\/image\/","url":"https:\/\/nookcosmetics.it\/wp-content\/uploads\/2023\/12\/LOGO-NOOK-01.svg","contentUrl":"https:\/\/nookcosmetics.it\/wp-content\/uploads\/2023\/12\/LOGO-NOOK-01.svg","width":1,"height":1,"caption":"Nook Cosmetics"},"image":{"@id":"https:\/\/nookcosmetics.it\/#\/schema\/logo\/image\/"},"sameAs":["https:\/\/www.facebook.com\/nookitaly\/","https:\/\/www.instagram.com\/nook_italy?igsh=dGF4ZDZhZHNqOWNj","https:\/\/open.spotify.com\/user\/xle0uiwswkyv64wg355xqn1q3?si=c820e61a855848b5&nd=1&dlsi=4e3d74ee010547b8"]}]}},"_links":{"self":[{"href":"https:\/\/nookcosmetics.it\/en\/wp-json\/wp\/v2\/product\/2773","targetHints":{"allow":["GET"]}}],"collection":[{"href":"https:\/\/nookcosmetics.it\/en\/wp-json\/wp\/v2\/product"}],"about":[{"href":"https:\/\/nookcosmetics.it\/en\/wp-json\/wp\/v2\/types\/product"}],"wp:featuredmedia":[{"embeddable":true,"href":"https:\/\/nookcosmetics.it\/en\/wp-json\/wp\/v2\/media\/5409"}],"wp:attachment":[{"href":"https:\/\/nookcosmetics.it\/en\/wp-json\/wp\/v2\/media?parent=2773"}],"wp:term":[{"taxonomy":"product_brand","embeddable":true,"href":"https:\/\/nookcosmetics.it\/en\/wp-json\/wp\/v2\/product_brand?post=2773"},{"taxonomy":"product_cat","embeddable":true,"href":"https:\/\/nookcosmetics.it\/en\/wp-json\/wp\/v2\/product_cat?post=2773"},{"taxonomy":"product_tag","embeddable":true,"href":"https:\/\/nookcosmetics.it\/en\/wp-json\/wp\/v2\/product_tag?post=2773"}],"curies":[{"name":"wp","href":"https:\/\/api.w.org\/{rel}","templated":true}]}}